{"id":3285,"date":"2025-03-11T15:52:50","date_gmt":"2025-03-11T14:52:50","guid":{"rendered":"https:\/\/laffinee.fr\/?post_type=product&#038;p=3285"},"modified":"2025-03-11T15:52:51","modified_gmt":"2025-03-11T14:52:51","slug":"sable-de-wissant","status":"publish","type":"product","link":"https:\/\/laffinee.fr\/index.php\/produit\/sable-de-wissant\/","title":{"rendered":"Sabl\u00e9 de Wissant"},"content":{"rendered":"<p>Fromage au lait de vache pasteuris\u00e9, pi\u00e8ce de 400g.<\/p>\n<p>Grand classique du Nord-Pas-de-Calais, il est bross\u00e9 \u00e0 la bi\u00e8re blanche de Wissant et enrob\u00e9 de chapelure pour rappeler le sable blanc de la c\u00f4te d&rsquo;Opale<\/p>\n<p>Un classique r\u00e9gional, qui plaira aussi bien aux amateurs de fromages forts qu&rsquo;aux plus timor\u00e9s, bref ! Il met tout le monde d&rsquo;accord !<\/p>\n","protected":false},"excerpt":{"rendered":"<blockquote><p>Fromage de vache local bross\u00e9 \u00e0 la bi\u00e8re blanche, p\u00e2te molle et onctueuse, cro\u00fbte sabl\u00e9e<\/p><\/blockquote>\n","protected":false},"featured_media":3286,"comment_status":"open","ping_status":"closed","template":"","meta":[],"product_brand":[],"product_cat":[66,51],"product_tag":[],"class_list":{"0":"post-3285","1":"product","2":"type-product","3":"status-publish","4":"has-post-thumbnail","6":"product_cat-fromages","7":"product_cat-vache","9":"first","10":"instock","11":"taxable","12":"shipping-taxable","13":"purchasable","14":"product-type-simple"},"yoast_head":"<!-- This site is optimized with the Yoast SEO plugin v27.4 - https:\/\/yoast.com\/product\/yoast-seo-wordpress\/ -->\n<title>Sabl\u00e9 de Wissant - L&#039;affin\u00e9e<\/title>\n<meta name=\"description\" content=\"Fromage au lait de vache pasteuris\u00e9, pi\u00e8ce de 400g. Grand classique du Nord-Pas-de-Calais, il est bross\u00e9 \u00e0 la bi\u00e8re blanche de Wissant et enrob\u00e9 de chapelure pour rappeler le sable blanc de la c\u00f4te d&#039;Opale\u00a0 Un classique r\u00e9gional, qui plaira aussi bien aux amateurs de fromages forts qu&#039;aux plus timor\u00e9s, bref ! Il met tout le monde d&#039;accord ! Il sera aussi bien sur vos plateaux de fromages de fin de reps qu&#039;en plateaux d\u00eenatoires ou ap\u00e9ritifs\" \/>\n<meta name=\"robots\" content=\"index, follow, max-snippet:-1, max-image-preview:large, max-video-preview:-1\" \/>\n<link rel=\"canonical\" href=\"https:\/\/laffinee.fr\/index.php\/produit\/sable-de-wissant\/\" \/>\n<meta property=\"og:locale\" content=\"fr_FR\" \/>\n<meta property=\"og:type\" content=\"article\" \/>\n<meta property=\"og:title\" content=\"Sabl\u00e9 de Wissant - L&#039;affin\u00e9e\" \/>\n<meta property=\"og:description\" content=\"Fromage au lait de vache pasteuris\u00e9, pi\u00e8ce de 400g. Grand classique du Nord-Pas-de-Calais, il est bross\u00e9 \u00e0 la bi\u00e8re blanche de Wissant et enrob\u00e9 de chapelure pour rappeler le sable blanc de la c\u00f4te d&#039;Opale\u00a0 Un classique r\u00e9gional, qui plaira aussi bien aux amateurs de fromages forts qu&#039;aux plus timor\u00e9s, bref ! Il met tout le monde d&#039;accord ! Il sera aussi bien sur vos plateaux de fromages de fin de reps qu&#039;en plateaux d\u00eenatoires ou ap\u00e9ritifs\" \/>\n<meta property=\"og:url\" content=\"https:\/\/laffinee.fr\/index.php\/produit\/sable-de-wissant\/\" \/>\n<meta property=\"og:site_name\" content=\"L&#039;affin\u00e9e\" \/>\n<meta property=\"article:modified_time\" content=\"2025-03-11T14:52:51+00:00\" \/>\n<meta property=\"og:image\" content=\"https:\/\/laffinee.fr\/wp-content\/uploads\/2025\/03\/IMG_20250311_153918-scaled.jpg\" \/>\n\t<meta property=\"og:image:width\" content=\"2560\" \/>\n\t<meta property=\"og:image:height\" content=\"1920\" \/>\n\t<meta property=\"og:image:type\" content=\"image\/jpeg\" \/>\n<meta name=\"twitter:card\" content=\"summary_large_image\" \/>\n<meta name=\"twitter:label1\" content=\"Dur\u00e9e de lecture estim\u00e9e\" \/>\n\t<meta name=\"twitter:data1\" content=\"1 minute\" \/>\n<script type=\"application\/ld+json\" class=\"yoast-schema-graph\">{\"@context\":\"https:\\\/\\\/schema.org\",\"@graph\":[{\"@type\":\"WebPage\",\"@id\":\"https:\\\/\\\/laffinee.fr\\\/index.php\\\/produit\\\/sable-de-wissant\\\/\",\"url\":\"https:\\\/\\\/laffinee.fr\\\/index.php\\\/produit\\\/sable-de-wissant\\\/\",\"name\":\"Sabl\u00e9 de Wissant - L&#039;affin\u00e9e\",\"isPartOf\":{\"@id\":\"https:\\\/\\\/laffinee.fr\\\/#website\"},\"primaryImageOfPage\":{\"@id\":\"https:\\\/\\\/laffinee.fr\\\/index.php\\\/produit\\\/sable-de-wissant\\\/#primaryimage\"},\"image\":{\"@id\":\"https:\\\/\\\/laffinee.fr\\\/index.php\\\/produit\\\/sable-de-wissant\\\/#primaryimage\"},\"thumbnailUrl\":\"https:\\\/\\\/laffinee.fr\\\/wp-content\\\/uploads\\\/2025\\\/03\\\/IMG_20250311_153918-scaled.jpg\",\"datePublished\":\"2025-03-11T14:52:50+00:00\",\"dateModified\":\"2025-03-11T14:52:51+00:00\",\"description\":\"Fromage au lait de vache pasteuris\u00e9, pi\u00e8ce de 400g. Grand classique du Nord-Pas-de-Calais, il est bross\u00e9 \u00e0 la bi\u00e8re blanche de Wissant et enrob\u00e9 de chapelure pour rappeler le sable blanc de la c\u00f4te d'Opale\u00a0 Un classique r\u00e9gional, qui plaira aussi bien aux amateurs de fromages forts qu'aux plus timor\u00e9s, bref ! Il met tout le monde d'accord ! Il sera aussi bien sur vos plateaux de fromages de fin de reps qu'en plateaux d\u00eenatoires ou ap\u00e9ritifs\",\"breadcrumb\":{\"@id\":\"https:\\\/\\\/laffinee.fr\\\/index.php\\\/produit\\\/sable-de-wissant\\\/#breadcrumb\"},\"inLanguage\":\"fr-FR\",\"potentialAction\":[{\"@type\":\"ReadAction\",\"target\":[\"https:\\\/\\\/laffinee.fr\\\/index.php\\\/produit\\\/sable-de-wissant\\\/\"]}]},{\"@type\":\"ImageObject\",\"inLanguage\":\"fr-FR\",\"@id\":\"https:\\\/\\\/laffinee.fr\\\/index.php\\\/produit\\\/sable-de-wissant\\\/#primaryimage\",\"url\":\"https:\\\/\\\/laffinee.fr\\\/wp-content\\\/uploads\\\/2025\\\/03\\\/IMG_20250311_153918-scaled.jpg\",\"contentUrl\":\"https:\\\/\\\/laffinee.fr\\\/wp-content\\\/uploads\\\/2025\\\/03\\\/IMG_20250311_153918-scaled.jpg\",\"width\":2560,\"height\":1920},{\"@type\":\"BreadcrumbList\",\"@id\":\"https:\\\/\\\/laffinee.fr\\\/index.php\\\/produit\\\/sable-de-wissant\\\/#breadcrumb\",\"itemListElement\":[{\"@type\":\"ListItem\",\"position\":1,\"name\":\"Accueil\",\"item\":\"https:\\\/\\\/laffinee.fr\\\/\"},{\"@type\":\"ListItem\",\"position\":2,\"name\":\"Produits\",\"item\":\"https:\\\/\\\/laffinee.fr\\\/index.php\\\/shop\\\/\"},{\"@type\":\"ListItem\",\"position\":3,\"name\":\"Sabl\u00e9 de Wissant\"}]},{\"@type\":\"WebSite\",\"@id\":\"https:\\\/\\\/laffinee.fr\\\/#website\",\"url\":\"https:\\\/\\\/laffinee.fr\\\/\",\"name\":\"L&#039;affin\u00e9e\",\"description\":\"laffin\u00e9e\",\"publisher\":{\"@id\":\"https:\\\/\\\/laffinee.fr\\\/#organization\"},\"potentialAction\":[{\"@type\":\"SearchAction\",\"target\":{\"@type\":\"EntryPoint\",\"urlTemplate\":\"https:\\\/\\\/laffinee.fr\\\/?s={search_term_string}\"},\"query-input\":{\"@type\":\"PropertyValueSpecification\",\"valueRequired\":true,\"valueName\":\"search_term_string\"}}],\"inLanguage\":\"fr-FR\"},{\"@type\":\"Organization\",\"@id\":\"https:\\\/\\\/laffinee.fr\\\/#organization\",\"name\":\"L&#039;affin\u00e9e\",\"url\":\"https:\\\/\\\/laffinee.fr\\\/\",\"logo\":{\"@type\":\"ImageObject\",\"inLanguage\":\"fr-FR\",\"@id\":\"https:\\\/\\\/laffinee.fr\\\/#\\\/schema\\\/logo\\\/image\\\/\",\"url\":\"https:\\\/\\\/laffinee.fr\\\/wp-content\\\/uploads\\\/2022\\\/12\\\/cropped-Capture-decran-2022-12-29-a-11.41.14.png\",\"contentUrl\":\"https:\\\/\\\/laffinee.fr\\\/wp-content\\\/uploads\\\/2022\\\/12\\\/cropped-Capture-decran-2022-12-29-a-11.41.14.png\",\"width\":1232,\"height\":352,\"caption\":\"L&#039;affin\u00e9e\"},\"image\":{\"@id\":\"https:\\\/\\\/laffinee.fr\\\/#\\\/schema\\\/logo\\\/image\\\/\"}}]}<\/script>\n<!-- \/ Yoast SEO plugin. -->","yoast_head_json":{"title":"Sabl\u00e9 de Wissant - L&#039;affin\u00e9e","description":"Fromage au lait de vache pasteuris\u00e9, pi\u00e8ce de 400g. Grand classique du Nord-Pas-de-Calais, il est bross\u00e9 \u00e0 la bi\u00e8re blanche de Wissant et enrob\u00e9 de chapelure pour rappeler le sable blanc de la c\u00f4te d'Opale\u00a0 Un classique r\u00e9gional, qui plaira aussi bien aux amateurs de fromages forts qu'aux plus timor\u00e9s, bref ! Il met tout le monde d'accord ! Il sera aussi bien sur vos plateaux de fromages de fin de reps qu'en plateaux d\u00eenatoires ou ap\u00e9ritifs","robots":{"index":"index","follow":"follow","max-snippet":"max-snippet:-1","max-image-preview":"max-image-preview:large","max-video-preview":"max-video-preview:-1"},"canonical":"https:\/\/laffinee.fr\/index.php\/produit\/sable-de-wissant\/","og_locale":"fr_FR","og_type":"article","og_title":"Sabl\u00e9 de Wissant - L&#039;affin\u00e9e","og_description":"Fromage au lait de vache pasteuris\u00e9, pi\u00e8ce de 400g. Grand classique du Nord-Pas-de-Calais, il est bross\u00e9 \u00e0 la bi\u00e8re blanche de Wissant et enrob\u00e9 de chapelure pour rappeler le sable blanc de la c\u00f4te d'Opale\u00a0 Un classique r\u00e9gional, qui plaira aussi bien aux amateurs de fromages forts qu'aux plus timor\u00e9s, bref ! Il met tout le monde d'accord ! Il sera aussi bien sur vos plateaux de fromages de fin de reps qu'en plateaux d\u00eenatoires ou ap\u00e9ritifs","og_url":"https:\/\/laffinee.fr\/index.php\/produit\/sable-de-wissant\/","og_site_name":"L&#039;affin\u00e9e","article_modified_time":"2025-03-11T14:52:51+00:00","og_image":[{"width":2560,"height":1920,"url":"https:\/\/laffinee.fr\/wp-content\/uploads\/2025\/03\/IMG_20250311_153918-scaled.jpg","type":"image\/jpeg"}],"twitter_card":"summary_large_image","twitter_misc":{"Dur\u00e9e de lecture estim\u00e9e":"1 minute"},"schema":{"@context":"https:\/\/schema.org","@graph":[{"@type":"WebPage","@id":"https:\/\/laffinee.fr\/index.php\/produit\/sable-de-wissant\/","url":"https:\/\/laffinee.fr\/index.php\/produit\/sable-de-wissant\/","name":"Sabl\u00e9 de Wissant - L&#039;affin\u00e9e","isPartOf":{"@id":"https:\/\/laffinee.fr\/#website"},"primaryImageOfPage":{"@id":"https:\/\/laffinee.fr\/index.php\/produit\/sable-de-wissant\/#primaryimage"},"image":{"@id":"https:\/\/laffinee.fr\/index.php\/produit\/sable-de-wissant\/#primaryimage"},"thumbnailUrl":"https:\/\/laffinee.fr\/wp-content\/uploads\/2025\/03\/IMG_20250311_153918-scaled.jpg","datePublished":"2025-03-11T14:52:50+00:00","dateModified":"2025-03-11T14:52:51+00:00","description":"Fromage au lait de vache pasteuris\u00e9, pi\u00e8ce de 400g. Grand classique du Nord-Pas-de-Calais, il est bross\u00e9 \u00e0 la bi\u00e8re blanche de Wissant et enrob\u00e9 de chapelure pour rappeler le sable blanc de la c\u00f4te d'Opale\u00a0 Un classique r\u00e9gional, qui plaira aussi bien aux amateurs de fromages forts qu'aux plus timor\u00e9s, bref ! Il met tout le monde d'accord ! Il sera aussi bien sur vos plateaux de fromages de fin de reps qu'en plateaux d\u00eenatoires ou ap\u00e9ritifs","breadcrumb":{"@id":"https:\/\/laffinee.fr\/index.php\/produit\/sable-de-wissant\/#breadcrumb"},"inLanguage":"fr-FR","potentialAction":[{"@type":"ReadAction","target":["https:\/\/laffinee.fr\/index.php\/produit\/sable-de-wissant\/"]}]},{"@type":"ImageObject","inLanguage":"fr-FR","@id":"https:\/\/laffinee.fr\/index.php\/produit\/sable-de-wissant\/#primaryimage","url":"https:\/\/laffinee.fr\/wp-content\/uploads\/2025\/03\/IMG_20250311_153918-scaled.jpg","contentUrl":"https:\/\/laffinee.fr\/wp-content\/uploads\/2025\/03\/IMG_20250311_153918-scaled.jpg","width":2560,"height":1920},{"@type":"BreadcrumbList","@id":"https:\/\/laffinee.fr\/index.php\/produit\/sable-de-wissant\/#breadcrumb","itemListElement":[{"@type":"ListItem","position":1,"name":"Accueil","item":"https:\/\/laffinee.fr\/"},{"@type":"ListItem","position":2,"name":"Produits","item":"https:\/\/laffinee.fr\/index.php\/shop\/"},{"@type":"ListItem","position":3,"name":"Sabl\u00e9 de Wissant"}]},{"@type":"WebSite","@id":"https:\/\/laffinee.fr\/#website","url":"https:\/\/laffinee.fr\/","name":"L&#039;affin\u00e9e","description":"laffin\u00e9e","publisher":{"@id":"https:\/\/laffinee.fr\/#organization"},"potentialAction":[{"@type":"SearchAction","target":{"@type":"EntryPoint","urlTemplate":"https:\/\/laffinee.fr\/?s={search_term_string}"},"query-input":{"@type":"PropertyValueSpecification","valueRequired":true,"valueName":"search_term_string"}}],"inLanguage":"fr-FR"},{"@type":"Organization","@id":"https:\/\/laffinee.fr\/#organization","name":"L&#039;affin\u00e9e","url":"https:\/\/laffinee.fr\/","logo":{"@type":"ImageObject","inLanguage":"fr-FR","@id":"https:\/\/laffinee.fr\/#\/schema\/logo\/image\/","url":"https:\/\/laffinee.fr\/wp-content\/uploads\/2022\/12\/cropped-Capture-decran-2022-12-29-a-11.41.14.png","contentUrl":"https:\/\/laffinee.fr\/wp-content\/uploads\/2022\/12\/cropped-Capture-decran-2022-12-29-a-11.41.14.png","width":1232,"height":352,"caption":"L&#039;affin\u00e9e"},"image":{"@id":"https:\/\/laffinee.fr\/#\/schema\/logo\/image\/"}}]}},"jetpack_sharing_enabled":true,"_links":{"self":[{"href":"https:\/\/laffinee.fr\/index.php\/wp-json\/wp\/v2\/product\/3285","targetHints":{"allow":["GET"]}}],"collection":[{"href":"https:\/\/laffinee.fr\/index.php\/wp-json\/wp\/v2\/product"}],"about":[{"href":"https:\/\/laffinee.fr\/index.php\/wp-json\/wp\/v2\/types\/product"}],"replies":[{"embeddable":true,"href":"https:\/\/laffinee.fr\/index.php\/wp-json\/wp\/v2\/comments?post=3285"}],"wp:featuredmedia":[{"embeddable":true,"href":"https:\/\/laffinee.fr\/index.php\/wp-json\/wp\/v2\/media\/3286"}],"wp:attachment":[{"href":"https:\/\/laffinee.fr\/index.php\/wp-json\/wp\/v2\/media?parent=3285"}],"wp:term":[{"taxonomy":"product_brand","embeddable":true,"href":"https:\/\/laffinee.fr\/index.php\/wp-json\/wp\/v2\/product_brand?post=3285"},{"taxonomy":"product_cat","embeddable":true,"href":"https:\/\/laffinee.fr\/index.php\/wp-json\/wp\/v2\/product_cat?post=3285"},{"taxonomy":"product_tag","embeddable":true,"href":"https:\/\/laffinee.fr\/index.php\/wp-json\/wp\/v2\/product_tag?post=3285"}],"curies":[{"name":"wp","href":"https:\/\/api.w.org\/{rel}","templated":true}]}}