{"id":3242,"date":"2024-04-02T12:28:01","date_gmt":"2024-04-02T10:28:01","guid":{"rendered":"https:\/\/laffinee.fr\/?post_type=product&#038;p=3242"},"modified":"2025-04-22T16:45:14","modified_gmt":"2025-04-22T14:45:14","slug":"tomme-de-brebis-bio-a-la-truffe-noire","status":"publish","type":"product","link":"https:\/\/laffinee.fr\/index.php\/produit\/tomme-de-brebis-bio-a-la-truffe-noire\/","title":{"rendered":"Tomme de brebis bio \u00e0 la truffe d&rsquo;\u00e9t\u00e9"},"content":{"rendered":"<p>Tomme bio de brebis, p\u00e2te press\u00e9e cuite, \u00e0 la truffe noire.<\/p>\n<p>Lait thermis\u00e9, p\u00e2te dure onctueuse, l&rsquo;alli\u00e9e de vos plateaux ap\u00e9ros !<\/p>\n<p>Mais aussi, de vos plateaux de fin de repas, de vos buffets d\u00eenatoires, ou la touche secr\u00e8te de votre cuisine (testez-la en risotto !)<\/p>\n","protected":false},"excerpt":{"rendered":"<p>Tomme bio de brebis, p\u00e2te press\u00e9e cuite, \u00e0 la truffe noire.<\/p>\n<p>Lait thermis\u00e9, p\u00e2te dure onctueuse.<\/p>\n","protected":false},"featured_media":0,"comment_status":"open","ping_status":"closed","template":"","meta":[],"product_brand":[],"product_cat":[53,66],"product_tag":[],"class_list":{"0":"post-3242","1":"product","2":"type-product","3":"status-publish","5":"product_cat-brebis","6":"product_cat-fromages","8":"first","9":"instock","10":"taxable","11":"shipping-taxable","12":"purchasable","13":"product-type-variable"},"yoast_head":"<!-- This site is optimized with the Yoast SEO plugin v27.4 - https:\/\/yoast.com\/product\/yoast-seo-wordpress\/ -->\n<title>Tomme de brebis bio \u00e0 la truffe d&#039;\u00e9t\u00e9 - L&#039;affin\u00e9e<\/title>\n<meta name=\"description\" content=\"Tomme bio de brebis, p\u00e2te press\u00e9e cuite, \u00e0 la truffe noire.Lait thermis\u00e9, p\u00e2te dure onctueuse, l&#039;alli\u00e9e de vos plateaux ap\u00e9ros !Mais aussi, de vos plateaux de fin de repas, de vos buffets d\u00eenatoires, ou la touche secr\u00e8te de votre cuisine (testez-la en risotto !)\" \/>\n<meta name=\"robots\" content=\"index, follow, max-snippet:-1, max-image-preview:large, max-video-preview:-1\" \/>\n<link rel=\"canonical\" href=\"https:\/\/laffinee.fr\/index.php\/produit\/tomme-de-brebis-bio-a-la-truffe-noire\/\" \/>\n<meta property=\"og:locale\" content=\"fr_FR\" \/>\n<meta property=\"og:type\" content=\"article\" \/>\n<meta property=\"og:title\" content=\"Tomme de brebis bio \u00e0 la truffe d&#039;\u00e9t\u00e9 - L&#039;affin\u00e9e\" \/>\n<meta property=\"og:description\" content=\"Tomme bio de brebis, p\u00e2te press\u00e9e cuite, \u00e0 la truffe noire.Lait thermis\u00e9, p\u00e2te dure onctueuse, l&#039;alli\u00e9e de vos plateaux ap\u00e9ros !Mais aussi, de vos plateaux de fin de repas, de vos buffets d\u00eenatoires, ou la touche secr\u00e8te de votre cuisine (testez-la en risotto !)\" \/>\n<meta property=\"og:url\" content=\"https:\/\/laffinee.fr\/index.php\/produit\/tomme-de-brebis-bio-a-la-truffe-noire\/\" \/>\n<meta property=\"og:site_name\" content=\"L&#039;affin\u00e9e\" \/>\n<meta property=\"article:modified_time\" content=\"2025-04-22T14:45:14+00:00\" \/>\n<meta name=\"twitter:card\" content=\"summary_large_image\" \/>\n<meta name=\"twitter:label1\" content=\"Dur\u00e9e de lecture estim\u00e9e\" \/>\n\t<meta name=\"twitter:data1\" content=\"1 minute\" \/>\n<script type=\"application\/ld+json\" class=\"yoast-schema-graph\">{\"@context\":\"https:\\\/\\\/schema.org\",\"@graph\":[{\"@type\":\"WebPage\",\"@id\":\"https:\\\/\\\/laffinee.fr\\\/index.php\\\/produit\\\/tomme-de-brebis-bio-a-la-truffe-noire\\\/\",\"url\":\"https:\\\/\\\/laffinee.fr\\\/index.php\\\/produit\\\/tomme-de-brebis-bio-a-la-truffe-noire\\\/\",\"name\":\"Tomme de brebis bio \u00e0 la truffe d'\u00e9t\u00e9 - L&#039;affin\u00e9e\",\"isPartOf\":{\"@id\":\"https:\\\/\\\/laffinee.fr\\\/#website\"},\"datePublished\":\"2024-04-02T10:28:01+00:00\",\"dateModified\":\"2025-04-22T14:45:14+00:00\",\"description\":\"Tomme bio de brebis, p\u00e2te press\u00e9e cuite, \u00e0 la truffe noire.Lait thermis\u00e9, p\u00e2te dure onctueuse, l'alli\u00e9e de vos plateaux ap\u00e9ros !Mais aussi, de vos plateaux de fin de repas, de vos buffets d\u00eenatoires, ou la touche secr\u00e8te de votre cuisine (testez-la en risotto !)\",\"breadcrumb\":{\"@id\":\"https:\\\/\\\/laffinee.fr\\\/index.php\\\/produit\\\/tomme-de-brebis-bio-a-la-truffe-noire\\\/#breadcrumb\"},\"inLanguage\":\"fr-FR\",\"potentialAction\":[{\"@type\":\"ReadAction\",\"target\":[\"https:\\\/\\\/laffinee.fr\\\/index.php\\\/produit\\\/tomme-de-brebis-bio-a-la-truffe-noire\\\/\"]}]},{\"@type\":\"BreadcrumbList\",\"@id\":\"https:\\\/\\\/laffinee.fr\\\/index.php\\\/produit\\\/tomme-de-brebis-bio-a-la-truffe-noire\\\/#breadcrumb\",\"itemListElement\":[{\"@type\":\"ListItem\",\"position\":1,\"name\":\"Accueil\",\"item\":\"https:\\\/\\\/laffinee.fr\\\/\"},{\"@type\":\"ListItem\",\"position\":2,\"name\":\"Produits\",\"item\":\"https:\\\/\\\/laffinee.fr\\\/index.php\\\/shop\\\/\"},{\"@type\":\"ListItem\",\"position\":3,\"name\":\"Tomme de brebis bio \u00e0 la truffe d&rsquo;\u00e9t\u00e9\"}]},{\"@type\":\"WebSite\",\"@id\":\"https:\\\/\\\/laffinee.fr\\\/#website\",\"url\":\"https:\\\/\\\/laffinee.fr\\\/\",\"name\":\"L&#039;affin\u00e9e\",\"description\":\"laffin\u00e9e\",\"publisher\":{\"@id\":\"https:\\\/\\\/laffinee.fr\\\/#organization\"},\"potentialAction\":[{\"@type\":\"SearchAction\",\"target\":{\"@type\":\"EntryPoint\",\"urlTemplate\":\"https:\\\/\\\/laffinee.fr\\\/?s={search_term_string}\"},\"query-input\":{\"@type\":\"PropertyValueSpecification\",\"valueRequired\":true,\"valueName\":\"search_term_string\"}}],\"inLanguage\":\"fr-FR\"},{\"@type\":\"Organization\",\"@id\":\"https:\\\/\\\/laffinee.fr\\\/#organization\",\"name\":\"L&#039;affin\u00e9e\",\"url\":\"https:\\\/\\\/laffinee.fr\\\/\",\"logo\":{\"@type\":\"ImageObject\",\"inLanguage\":\"fr-FR\",\"@id\":\"https:\\\/\\\/laffinee.fr\\\/#\\\/schema\\\/logo\\\/image\\\/\",\"url\":\"https:\\\/\\\/laffinee.fr\\\/wp-content\\\/uploads\\\/2022\\\/12\\\/cropped-Capture-decran-2022-12-29-a-11.41.14.png\",\"contentUrl\":\"https:\\\/\\\/laffinee.fr\\\/wp-content\\\/uploads\\\/2022\\\/12\\\/cropped-Capture-decran-2022-12-29-a-11.41.14.png\",\"width\":1232,\"height\":352,\"caption\":\"L&#039;affin\u00e9e\"},\"image\":{\"@id\":\"https:\\\/\\\/laffinee.fr\\\/#\\\/schema\\\/logo\\\/image\\\/\"}}]}<\/script>\n<!-- \/ Yoast SEO plugin. -->","yoast_head_json":{"title":"Tomme de brebis bio \u00e0 la truffe d'\u00e9t\u00e9 - L&#039;affin\u00e9e","description":"Tomme bio de brebis, p\u00e2te press\u00e9e cuite, \u00e0 la truffe noire.Lait thermis\u00e9, p\u00e2te dure onctueuse, l'alli\u00e9e de vos plateaux ap\u00e9ros !Mais aussi, de vos plateaux de fin de repas, de vos buffets d\u00eenatoires, ou la touche secr\u00e8te de votre cuisine (testez-la en risotto !)","robots":{"index":"index","follow":"follow","max-snippet":"max-snippet:-1","max-image-preview":"max-image-preview:large","max-video-preview":"max-video-preview:-1"},"canonical":"https:\/\/laffinee.fr\/index.php\/produit\/tomme-de-brebis-bio-a-la-truffe-noire\/","og_locale":"fr_FR","og_type":"article","og_title":"Tomme de brebis bio \u00e0 la truffe d'\u00e9t\u00e9 - L&#039;affin\u00e9e","og_description":"Tomme bio de brebis, p\u00e2te press\u00e9e cuite, \u00e0 la truffe noire.Lait thermis\u00e9, p\u00e2te dure onctueuse, l'alli\u00e9e de vos plateaux ap\u00e9ros !Mais aussi, de vos plateaux de fin de repas, de vos buffets d\u00eenatoires, ou la touche secr\u00e8te de votre cuisine (testez-la en risotto !)","og_url":"https:\/\/laffinee.fr\/index.php\/produit\/tomme-de-brebis-bio-a-la-truffe-noire\/","og_site_name":"L&#039;affin\u00e9e","article_modified_time":"2025-04-22T14:45:14+00:00","twitter_card":"summary_large_image","twitter_misc":{"Dur\u00e9e de lecture estim\u00e9e":"1 minute"},"schema":{"@context":"https:\/\/schema.org","@graph":[{"@type":"WebPage","@id":"https:\/\/laffinee.fr\/index.php\/produit\/tomme-de-brebis-bio-a-la-truffe-noire\/","url":"https:\/\/laffinee.fr\/index.php\/produit\/tomme-de-brebis-bio-a-la-truffe-noire\/","name":"Tomme de brebis bio \u00e0 la truffe d'\u00e9t\u00e9 - L&#039;affin\u00e9e","isPartOf":{"@id":"https:\/\/laffinee.fr\/#website"},"datePublished":"2024-04-02T10:28:01+00:00","dateModified":"2025-04-22T14:45:14+00:00","description":"Tomme bio de brebis, p\u00e2te press\u00e9e cuite, \u00e0 la truffe noire.Lait thermis\u00e9, p\u00e2te dure onctueuse, l'alli\u00e9e de vos plateaux ap\u00e9ros !Mais aussi, de vos plateaux de fin de repas, de vos buffets d\u00eenatoires, ou la touche secr\u00e8te de votre cuisine (testez-la en risotto !)","breadcrumb":{"@id":"https:\/\/laffinee.fr\/index.php\/produit\/tomme-de-brebis-bio-a-la-truffe-noire\/#breadcrumb"},"inLanguage":"fr-FR","potentialAction":[{"@type":"ReadAction","target":["https:\/\/laffinee.fr\/index.php\/produit\/tomme-de-brebis-bio-a-la-truffe-noire\/"]}]},{"@type":"BreadcrumbList","@id":"https:\/\/laffinee.fr\/index.php\/produit\/tomme-de-brebis-bio-a-la-truffe-noire\/#breadcrumb","itemListElement":[{"@type":"ListItem","position":1,"name":"Accueil","item":"https:\/\/laffinee.fr\/"},{"@type":"ListItem","position":2,"name":"Produits","item":"https:\/\/laffinee.fr\/index.php\/shop\/"},{"@type":"ListItem","position":3,"name":"Tomme de brebis bio \u00e0 la truffe d&rsquo;\u00e9t\u00e9"}]},{"@type":"WebSite","@id":"https:\/\/laffinee.fr\/#website","url":"https:\/\/laffinee.fr\/","name":"L&#039;affin\u00e9e","description":"laffin\u00e9e","publisher":{"@id":"https:\/\/laffinee.fr\/#organization"},"potentialAction":[{"@type":"SearchAction","target":{"@type":"EntryPoint","urlTemplate":"https:\/\/laffinee.fr\/?s={search_term_string}"},"query-input":{"@type":"PropertyValueSpecification","valueRequired":true,"valueName":"search_term_string"}}],"inLanguage":"fr-FR"},{"@type":"Organization","@id":"https:\/\/laffinee.fr\/#organization","name":"L&#039;affin\u00e9e","url":"https:\/\/laffinee.fr\/","logo":{"@type":"ImageObject","inLanguage":"fr-FR","@id":"https:\/\/laffinee.fr\/#\/schema\/logo\/image\/","url":"https:\/\/laffinee.fr\/wp-content\/uploads\/2022\/12\/cropped-Capture-decran-2022-12-29-a-11.41.14.png","contentUrl":"https:\/\/laffinee.fr\/wp-content\/uploads\/2022\/12\/cropped-Capture-decran-2022-12-29-a-11.41.14.png","width":1232,"height":352,"caption":"L&#039;affin\u00e9e"},"image":{"@id":"https:\/\/laffinee.fr\/#\/schema\/logo\/image\/"}}]}},"jetpack_sharing_enabled":true,"_links":{"self":[{"href":"https:\/\/laffinee.fr\/index.php\/wp-json\/wp\/v2\/product\/3242","targetHints":{"allow":["GET"]}}],"collection":[{"href":"https:\/\/laffinee.fr\/index.php\/wp-json\/wp\/v2\/product"}],"about":[{"href":"https:\/\/laffinee.fr\/index.php\/wp-json\/wp\/v2\/types\/product"}],"replies":[{"embeddable":true,"href":"https:\/\/laffinee.fr\/index.php\/wp-json\/wp\/v2\/comments?post=3242"}],"wp:attachment":[{"href":"https:\/\/laffinee.fr\/index.php\/wp-json\/wp\/v2\/media?parent=3242"}],"wp:term":[{"taxonomy":"product_brand","embeddable":true,"href":"https:\/\/laffinee.fr\/index.php\/wp-json\/wp\/v2\/product_brand?post=3242"},{"taxonomy":"product_cat","embeddable":true,"href":"https:\/\/laffinee.fr\/index.php\/wp-json\/wp\/v2\/product_cat?post=3242"},{"taxonomy":"product_tag","embeddable":true,"href":"https:\/\/laffinee.fr\/index.php\/wp-json\/wp\/v2\/product_tag?post=3242"}],"curies":[{"name":"wp","href":"https:\/\/api.w.org\/{rel}","templated":true}]}}