{"id":3198,"date":"2023-11-23T16:31:00","date_gmt":"2023-11-23T15:31:00","guid":{"rendered":"https:\/\/laffinee.fr\/?post_type=product&#038;p=3198"},"modified":"2026-02-13T12:56:56","modified_gmt":"2026-02-13T11:56:56","slug":"plateau-raclette-prestige","status":"publish","type":"product","link":"https:\/\/laffinee.fr\/index.php\/produit\/plateau-raclette-prestige\/","title":{"rendered":"Plateau raclette Prestige"},"content":{"rendered":"<p>Un assortiment de raclettes mais pas uniquement, pour une raclette prestige !<\/p>\n<ul>\n<li>Raclette nature<\/li>\n<li>Raclette bio fum\u00e9e<\/li>\n<li>Raclette bio \u00e0 l&rsquo;ail des ours<\/li>\n<li>Tomme onctueuse \u00e0 la truffe noire<\/li>\n<li>Morbier<\/li>\n<\/ul>\n<p>Indiquez dans \u00ab\u00a0\u00a0\u00bbquantit\u00e9\u00a0\u00bb le nombre de personnes, le prix est indiqu\u00e9 \u00e0 la part<\/p>\n<p>&nbsp;<\/p>\n<p>&nbsp;<\/p>\n","protected":false},"excerpt":{"rendered":"<p>Un assortiment de raclettes mais pas uniquement, pour une raclette prestige !<\/p>\n<ul>\n<li>Raclette nature<\/li>\n<li>Raclette bio fum\u00e9e<\/li>\n<li>Raclette bio \u00e0 l&rsquo;ail des ours<\/li>\n<li>Tomme onctueuse \u00e0 la truffe noire<\/li>\n<li>Morbier<\/li>\n<\/ul>\n<p>Indiquez dans \u00ab\u00a0\u00a0\u00bbquantit\u00e9\u00a0\u00bb le nombre de personnes, le prix est indiqu\u00e9 \u00e0 la part<\/p>\n","protected":false},"featured_media":0,"comment_status":"open","ping_status":"closed","template":"","meta":[],"product_brand":[],"product_cat":[71,70],"product_tag":[],"class_list":{"0":"post-3198","1":"product","2":"type-product","3":"status-publish","5":"product_cat-plateaux-de-fromages","6":"product_cat-raclettes","8":"first","9":"outofstock","10":"taxable","11":"shipping-taxable","12":"product-type-variable"},"yoast_head":"<!-- This site is optimized with the Yoast SEO plugin v27.4 - https:\/\/yoast.com\/product\/yoast-seo-wordpress\/ -->\n<title>Plateau raclette Prestige - L&#039;affin\u00e9e<\/title>\n<meta name=\"robots\" content=\"index, follow, max-snippet:-1, max-image-preview:large, max-video-preview:-1\" \/>\n<link rel=\"canonical\" href=\"https:\/\/laffinee.fr\/index.php\/produit\/plateau-raclette-prestige\/\" \/>\n<meta property=\"og:locale\" content=\"fr_FR\" \/>\n<meta property=\"og:type\" content=\"article\" \/>\n<meta property=\"og:title\" content=\"Plateau raclette Prestige - L&#039;affin\u00e9e\" \/>\n<meta property=\"og:description\" content=\"Un assortiment de raclettes mais pas uniquement, pour une raclette prestige !   Raclette nature  Raclette bio fum\u00e9e  Raclette bio \u00e0 l&#039;ail des ours  Tomme onctueuse \u00e0 la truffe noire  Morbier  Indiquez dans &quot;&quot;quantit\u00e9&quot; le nombre de personnes, le prix est indiqu\u00e9 \u00e0 la part\" \/>\n<meta property=\"og:url\" content=\"https:\/\/laffinee.fr\/index.php\/produit\/plateau-raclette-prestige\/\" \/>\n<meta property=\"og:site_name\" content=\"L&#039;affin\u00e9e\" \/>\n<meta property=\"article:modified_time\" content=\"2026-02-13T11:56:56+00:00\" \/>\n<meta name=\"twitter:card\" content=\"summary_large_image\" \/>\n<meta name=\"twitter:label1\" content=\"Dur\u00e9e de lecture estim\u00e9e\" \/>\n\t<meta name=\"twitter:data1\" content=\"1 minute\" \/>\n<script type=\"application\/ld+json\" class=\"yoast-schema-graph\">{\"@context\":\"https:\\\/\\\/schema.org\",\"@graph\":[{\"@type\":\"WebPage\",\"@id\":\"https:\\\/\\\/laffinee.fr\\\/index.php\\\/produit\\\/plateau-raclette-prestige\\\/\",\"url\":\"https:\\\/\\\/laffinee.fr\\\/index.php\\\/produit\\\/plateau-raclette-prestige\\\/\",\"name\":\"Plateau raclette Prestige - L&#039;affin\u00e9e\",\"isPartOf\":{\"@id\":\"https:\\\/\\\/laffinee.fr\\\/#website\"},\"datePublished\":\"2023-11-23T15:31:00+00:00\",\"dateModified\":\"2026-02-13T11:56:56+00:00\",\"breadcrumb\":{\"@id\":\"https:\\\/\\\/laffinee.fr\\\/index.php\\\/produit\\\/plateau-raclette-prestige\\\/#breadcrumb\"},\"inLanguage\":\"fr-FR\",\"potentialAction\":[{\"@type\":\"ReadAction\",\"target\":[\"https:\\\/\\\/laffinee.fr\\\/index.php\\\/produit\\\/plateau-raclette-prestige\\\/\"]}]},{\"@type\":\"BreadcrumbList\",\"@id\":\"https:\\\/\\\/laffinee.fr\\\/index.php\\\/produit\\\/plateau-raclette-prestige\\\/#breadcrumb\",\"itemListElement\":[{\"@type\":\"ListItem\",\"position\":1,\"name\":\"Accueil\",\"item\":\"https:\\\/\\\/laffinee.fr\\\/\"},{\"@type\":\"ListItem\",\"position\":2,\"name\":\"Produits\",\"item\":\"https:\\\/\\\/laffinee.fr\\\/index.php\\\/shop\\\/\"},{\"@type\":\"ListItem\",\"position\":3,\"name\":\"Plateau raclette Prestige\"}]},{\"@type\":\"WebSite\",\"@id\":\"https:\\\/\\\/laffinee.fr\\\/#website\",\"url\":\"https:\\\/\\\/laffinee.fr\\\/\",\"name\":\"L&#039;affin\u00e9e\",\"description\":\"laffin\u00e9e\",\"publisher\":{\"@id\":\"https:\\\/\\\/laffinee.fr\\\/#organization\"},\"potentialAction\":[{\"@type\":\"SearchAction\",\"target\":{\"@type\":\"EntryPoint\",\"urlTemplate\":\"https:\\\/\\\/laffinee.fr\\\/?s={search_term_string}\"},\"query-input\":{\"@type\":\"PropertyValueSpecification\",\"valueRequired\":true,\"valueName\":\"search_term_string\"}}],\"inLanguage\":\"fr-FR\"},{\"@type\":\"Organization\",\"@id\":\"https:\\\/\\\/laffinee.fr\\\/#organization\",\"name\":\"L&#039;affin\u00e9e\",\"url\":\"https:\\\/\\\/laffinee.fr\\\/\",\"logo\":{\"@type\":\"ImageObject\",\"inLanguage\":\"fr-FR\",\"@id\":\"https:\\\/\\\/laffinee.fr\\\/#\\\/schema\\\/logo\\\/image\\\/\",\"url\":\"https:\\\/\\\/laffinee.fr\\\/wp-content\\\/uploads\\\/2022\\\/12\\\/cropped-Capture-decran-2022-12-29-a-11.41.14.png\",\"contentUrl\":\"https:\\\/\\\/laffinee.fr\\\/wp-content\\\/uploads\\\/2022\\\/12\\\/cropped-Capture-decran-2022-12-29-a-11.41.14.png\",\"width\":1232,\"height\":352,\"caption\":\"L&#039;affin\u00e9e\"},\"image\":{\"@id\":\"https:\\\/\\\/laffinee.fr\\\/#\\\/schema\\\/logo\\\/image\\\/\"}}]}<\/script>\n<!-- \/ Yoast SEO plugin. -->","yoast_head_json":{"title":"Plateau raclette Prestige - L&#039;affin\u00e9e","robots":{"index":"index","follow":"follow","max-snippet":"max-snippet:-1","max-image-preview":"max-image-preview:large","max-video-preview":"max-video-preview:-1"},"canonical":"https:\/\/laffinee.fr\/index.php\/produit\/plateau-raclette-prestige\/","og_locale":"fr_FR","og_type":"article","og_title":"Plateau raclette Prestige - L&#039;affin\u00e9e","og_description":"Un assortiment de raclettes mais pas uniquement, pour une raclette prestige !   Raclette nature  Raclette bio fum\u00e9e  Raclette bio \u00e0 l'ail des ours  Tomme onctueuse \u00e0 la truffe noire  Morbier  Indiquez dans \"\"quantit\u00e9\" le nombre de personnes, le prix est indiqu\u00e9 \u00e0 la part","og_url":"https:\/\/laffinee.fr\/index.php\/produit\/plateau-raclette-prestige\/","og_site_name":"L&#039;affin\u00e9e","article_modified_time":"2026-02-13T11:56:56+00:00","twitter_card":"summary_large_image","twitter_misc":{"Dur\u00e9e de lecture estim\u00e9e":"1 minute"},"schema":{"@context":"https:\/\/schema.org","@graph":[{"@type":"WebPage","@id":"https:\/\/laffinee.fr\/index.php\/produit\/plateau-raclette-prestige\/","url":"https:\/\/laffinee.fr\/index.php\/produit\/plateau-raclette-prestige\/","name":"Plateau raclette Prestige - L&#039;affin\u00e9e","isPartOf":{"@id":"https:\/\/laffinee.fr\/#website"},"datePublished":"2023-11-23T15:31:00+00:00","dateModified":"2026-02-13T11:56:56+00:00","breadcrumb":{"@id":"https:\/\/laffinee.fr\/index.php\/produit\/plateau-raclette-prestige\/#breadcrumb"},"inLanguage":"fr-FR","potentialAction":[{"@type":"ReadAction","target":["https:\/\/laffinee.fr\/index.php\/produit\/plateau-raclette-prestige\/"]}]},{"@type":"BreadcrumbList","@id":"https:\/\/laffinee.fr\/index.php\/produit\/plateau-raclette-prestige\/#breadcrumb","itemListElement":[{"@type":"ListItem","position":1,"name":"Accueil","item":"https:\/\/laffinee.fr\/"},{"@type":"ListItem","position":2,"name":"Produits","item":"https:\/\/laffinee.fr\/index.php\/shop\/"},{"@type":"ListItem","position":3,"name":"Plateau raclette Prestige"}]},{"@type":"WebSite","@id":"https:\/\/laffinee.fr\/#website","url":"https:\/\/laffinee.fr\/","name":"L&#039;affin\u00e9e","description":"laffin\u00e9e","publisher":{"@id":"https:\/\/laffinee.fr\/#organization"},"potentialAction":[{"@type":"SearchAction","target":{"@type":"EntryPoint","urlTemplate":"https:\/\/laffinee.fr\/?s={search_term_string}"},"query-input":{"@type":"PropertyValueSpecification","valueRequired":true,"valueName":"search_term_string"}}],"inLanguage":"fr-FR"},{"@type":"Organization","@id":"https:\/\/laffinee.fr\/#organization","name":"L&#039;affin\u00e9e","url":"https:\/\/laffinee.fr\/","logo":{"@type":"ImageObject","inLanguage":"fr-FR","@id":"https:\/\/laffinee.fr\/#\/schema\/logo\/image\/","url":"https:\/\/laffinee.fr\/wp-content\/uploads\/2022\/12\/cropped-Capture-decran-2022-12-29-a-11.41.14.png","contentUrl":"https:\/\/laffinee.fr\/wp-content\/uploads\/2022\/12\/cropped-Capture-decran-2022-12-29-a-11.41.14.png","width":1232,"height":352,"caption":"L&#039;affin\u00e9e"},"image":{"@id":"https:\/\/laffinee.fr\/#\/schema\/logo\/image\/"}}]}},"jetpack_sharing_enabled":true,"_links":{"self":[{"href":"https:\/\/laffinee.fr\/index.php\/wp-json\/wp\/v2\/product\/3198","targetHints":{"allow":["GET"]}}],"collection":[{"href":"https:\/\/laffinee.fr\/index.php\/wp-json\/wp\/v2\/product"}],"about":[{"href":"https:\/\/laffinee.fr\/index.php\/wp-json\/wp\/v2\/types\/product"}],"replies":[{"embeddable":true,"href":"https:\/\/laffinee.fr\/index.php\/wp-json\/wp\/v2\/comments?post=3198"}],"wp:attachment":[{"href":"https:\/\/laffinee.fr\/index.php\/wp-json\/wp\/v2\/media?parent=3198"}],"wp:term":[{"taxonomy":"product_brand","embeddable":true,"href":"https:\/\/laffinee.fr\/index.php\/wp-json\/wp\/v2\/product_brand?post=3198"},{"taxonomy":"product_cat","embeddable":true,"href":"https:\/\/laffinee.fr\/index.php\/wp-json\/wp\/v2\/product_cat?post=3198"},{"taxonomy":"product_tag","embeddable":true,"href":"https:\/\/laffinee.fr\/index.php\/wp-json\/wp\/v2\/product_tag?post=3198"}],"curies":[{"name":"wp","href":"https:\/\/api.w.org\/{rel}","templated":true}]}}