{"id":2045,"date":"2023-02-07T12:47:05","date_gmt":"2023-02-07T11:47:05","guid":{"rendered":"https:\/\/laffinee.fr\/?post_type=product&#038;p=2045"},"modified":"2023-11-23T18:54:39","modified_gmt":"2023-11-23T17:54:39","slug":"domaine-de-moulines","status":"publish","type":"product","link":"https:\/\/laffinee.fr\/index.php\/produit\/domaine-de-moulines\/","title":{"rendered":"Domaine de Moulines"},"content":{"rendered":"<p>Un vin blanc sec et fruit\u00e9, parfait pour accompagner vos plateaux de fromages garnis de Comt\u00e9, Morbier ou ch\u00e8vre, mais aussi l&rsquo;allier de vos raclettes, tartiflettes, et autres fondues savoyardes<\/p>\n<p>&nbsp;<\/p>\n<p>C\u00e9page : Chardonnay<br \/>\nR\u00e9gion ! Languedoc<br \/>\nAppellation : IGP Pays d&rsquo;H\u00e9rault<\/p>\n","protected":false},"excerpt":{"rendered":"<p>Un vin blanc sec et fruit\u00e9, parfait pour accompagner vos plateaux de fromages garnis de Comt\u00e9, Morbier ou ch\u00e8vre, mais aussi l&rsquo;allier de vos raclettes, tartiflettes, et autres fondues savoyardes<\/p>\n<p>&nbsp;<\/p>\n<p>C\u00e9page : Chardonnay<br \/>\nR\u00e9gion ! Languedoc<br \/>\nAppellation : IGP Pays d&rsquo;H\u00e9rault<\/p>\n","protected":false},"featured_media":2768,"comment_status":"open","ping_status":"closed","template":"","meta":[],"product_brand":[],"product_cat":[65,59],"product_tag":[],"class_list":{"0":"post-2045","1":"product","2":"type-product","3":"status-publish","4":"has-post-thumbnail","6":"product_cat-alcool","7":"product_cat-vins-blancs","9":"first","10":"instock","11":"taxable","12":"shipping-taxable","13":"purchasable","14":"product-type-simple"},"yoast_head":"<!-- This site is optimized with the Yoast SEO plugin v27.4 - https:\/\/yoast.com\/product\/yoast-seo-wordpress\/ -->\n<title>Domaine de Moulines - L&#039;affin\u00e9e<\/title>\n<meta name=\"robots\" content=\"index, follow, max-snippet:-1, max-image-preview:large, max-video-preview:-1\" \/>\n<link rel=\"canonical\" href=\"https:\/\/laffinee.fr\/index.php\/produit\/domaine-de-moulines\/\" \/>\n<meta property=\"og:locale\" content=\"fr_FR\" \/>\n<meta property=\"og:type\" content=\"article\" \/>\n<meta property=\"og:title\" content=\"Domaine de Moulines - L&#039;affin\u00e9e\" \/>\n<meta property=\"og:description\" content=\"Un vin blanc sec et fruit\u00e9, parfait pour accompagner vos plateaux de fromages garnis de Comt\u00e9, Morbier ou ch\u00e8vre, mais aussi l&#039;allier de vos raclettes, tartiflettes, et autres fondues savoyardes  &nbsp;  C\u00e9page : Chardonnay R\u00e9gion ! Languedoc Appellation : IGP Pays d&#039;H\u00e9rault\" \/>\n<meta property=\"og:url\" content=\"https:\/\/laffinee.fr\/index.php\/produit\/domaine-de-moulines\/\" \/>\n<meta property=\"og:site_name\" content=\"L&#039;affin\u00e9e\" \/>\n<meta property=\"article:modified_time\" content=\"2023-11-23T17:54:39+00:00\" \/>\n<meta property=\"og:image\" content=\"https:\/\/laffinee.fr\/wp-content\/uploads\/2023\/03\/Chardonnay-Domaine-de-Moulines.jpg\" \/>\n\t<meta property=\"og:image:width\" content=\"667\" \/>\n\t<meta property=\"og:image:height\" content=\"1000\" \/>\n\t<meta property=\"og:image:type\" content=\"image\/jpeg\" \/>\n<meta name=\"twitter:card\" content=\"summary_large_image\" \/>\n<meta name=\"twitter:label1\" content=\"Dur\u00e9e de lecture estim\u00e9e\" \/>\n\t<meta name=\"twitter:data1\" content=\"1 minute\" \/>\n<script type=\"application\/ld+json\" class=\"yoast-schema-graph\">{\"@context\":\"https:\\\/\\\/schema.org\",\"@graph\":[{\"@type\":\"WebPage\",\"@id\":\"https:\\\/\\\/laffinee.fr\\\/index.php\\\/produit\\\/domaine-de-moulines\\\/\",\"url\":\"https:\\\/\\\/laffinee.fr\\\/index.php\\\/produit\\\/domaine-de-moulines\\\/\",\"name\":\"Domaine de Moulines - L&#039;affin\u00e9e\",\"isPartOf\":{\"@id\":\"https:\\\/\\\/laffinee.fr\\\/#website\"},\"primaryImageOfPage\":{\"@id\":\"https:\\\/\\\/laffinee.fr\\\/index.php\\\/produit\\\/domaine-de-moulines\\\/#primaryimage\"},\"image\":{\"@id\":\"https:\\\/\\\/laffinee.fr\\\/index.php\\\/produit\\\/domaine-de-moulines\\\/#primaryimage\"},\"thumbnailUrl\":\"https:\\\/\\\/laffinee.fr\\\/wp-content\\\/uploads\\\/2023\\\/03\\\/Chardonnay-Domaine-de-Moulines.jpg\",\"datePublished\":\"2023-02-07T11:47:05+00:00\",\"dateModified\":\"2023-11-23T17:54:39+00:00\",\"breadcrumb\":{\"@id\":\"https:\\\/\\\/laffinee.fr\\\/index.php\\\/produit\\\/domaine-de-moulines\\\/#breadcrumb\"},\"inLanguage\":\"fr-FR\",\"potentialAction\":[{\"@type\":\"ReadAction\",\"target\":[\"https:\\\/\\\/laffinee.fr\\\/index.php\\\/produit\\\/domaine-de-moulines\\\/\"]}]},{\"@type\":\"ImageObject\",\"inLanguage\":\"fr-FR\",\"@id\":\"https:\\\/\\\/laffinee.fr\\\/index.php\\\/produit\\\/domaine-de-moulines\\\/#primaryimage\",\"url\":\"https:\\\/\\\/laffinee.fr\\\/wp-content\\\/uploads\\\/2023\\\/03\\\/Chardonnay-Domaine-de-Moulines.jpg\",\"contentUrl\":\"https:\\\/\\\/laffinee.fr\\\/wp-content\\\/uploads\\\/2023\\\/03\\\/Chardonnay-Domaine-de-Moulines.jpg\",\"width\":667,\"height\":1000},{\"@type\":\"BreadcrumbList\",\"@id\":\"https:\\\/\\\/laffinee.fr\\\/index.php\\\/produit\\\/domaine-de-moulines\\\/#breadcrumb\",\"itemListElement\":[{\"@type\":\"ListItem\",\"position\":1,\"name\":\"Accueil\",\"item\":\"https:\\\/\\\/laffinee.fr\\\/\"},{\"@type\":\"ListItem\",\"position\":2,\"name\":\"Produits\",\"item\":\"https:\\\/\\\/laffinee.fr\\\/index.php\\\/shop\\\/\"},{\"@type\":\"ListItem\",\"position\":3,\"name\":\"Domaine de Moulines\"}]},{\"@type\":\"WebSite\",\"@id\":\"https:\\\/\\\/laffinee.fr\\\/#website\",\"url\":\"https:\\\/\\\/laffinee.fr\\\/\",\"name\":\"L&#039;affin\u00e9e\",\"description\":\"laffin\u00e9e\",\"publisher\":{\"@id\":\"https:\\\/\\\/laffinee.fr\\\/#organization\"},\"potentialAction\":[{\"@type\":\"SearchAction\",\"target\":{\"@type\":\"EntryPoint\",\"urlTemplate\":\"https:\\\/\\\/laffinee.fr\\\/?s={search_term_string}\"},\"query-input\":{\"@type\":\"PropertyValueSpecification\",\"valueRequired\":true,\"valueName\":\"search_term_string\"}}],\"inLanguage\":\"fr-FR\"},{\"@type\":\"Organization\",\"@id\":\"https:\\\/\\\/laffinee.fr\\\/#organization\",\"name\":\"L&#039;affin\u00e9e\",\"url\":\"https:\\\/\\\/laffinee.fr\\\/\",\"logo\":{\"@type\":\"ImageObject\",\"inLanguage\":\"fr-FR\",\"@id\":\"https:\\\/\\\/laffinee.fr\\\/#\\\/schema\\\/logo\\\/image\\\/\",\"url\":\"https:\\\/\\\/laffinee.fr\\\/wp-content\\\/uploads\\\/2022\\\/12\\\/cropped-Capture-decran-2022-12-29-a-11.41.14.png\",\"contentUrl\":\"https:\\\/\\\/laffinee.fr\\\/wp-content\\\/uploads\\\/2022\\\/12\\\/cropped-Capture-decran-2022-12-29-a-11.41.14.png\",\"width\":1232,\"height\":352,\"caption\":\"L&#039;affin\u00e9e\"},\"image\":{\"@id\":\"https:\\\/\\\/laffinee.fr\\\/#\\\/schema\\\/logo\\\/image\\\/\"}}]}<\/script>\n<!-- \/ Yoast SEO plugin. -->","yoast_head_json":{"title":"Domaine de Moulines - L&#039;affin\u00e9e","robots":{"index":"index","follow":"follow","max-snippet":"max-snippet:-1","max-image-preview":"max-image-preview:large","max-video-preview":"max-video-preview:-1"},"canonical":"https:\/\/laffinee.fr\/index.php\/produit\/domaine-de-moulines\/","og_locale":"fr_FR","og_type":"article","og_title":"Domaine de Moulines - L&#039;affin\u00e9e","og_description":"Un vin blanc sec et fruit\u00e9, parfait pour accompagner vos plateaux de fromages garnis de Comt\u00e9, Morbier ou ch\u00e8vre, mais aussi l'allier de vos raclettes, tartiflettes, et autres fondues savoyardes  &nbsp;  C\u00e9page : Chardonnay R\u00e9gion ! Languedoc Appellation : IGP Pays d'H\u00e9rault","og_url":"https:\/\/laffinee.fr\/index.php\/produit\/domaine-de-moulines\/","og_site_name":"L&#039;affin\u00e9e","article_modified_time":"2023-11-23T17:54:39+00:00","og_image":[{"width":667,"height":1000,"url":"https:\/\/laffinee.fr\/wp-content\/uploads\/2023\/03\/Chardonnay-Domaine-de-Moulines.jpg","type":"image\/jpeg"}],"twitter_card":"summary_large_image","twitter_misc":{"Dur\u00e9e de lecture estim\u00e9e":"1 minute"},"schema":{"@context":"https:\/\/schema.org","@graph":[{"@type":"WebPage","@id":"https:\/\/laffinee.fr\/index.php\/produit\/domaine-de-moulines\/","url":"https:\/\/laffinee.fr\/index.php\/produit\/domaine-de-moulines\/","name":"Domaine de Moulines - L&#039;affin\u00e9e","isPartOf":{"@id":"https:\/\/laffinee.fr\/#website"},"primaryImageOfPage":{"@id":"https:\/\/laffinee.fr\/index.php\/produit\/domaine-de-moulines\/#primaryimage"},"image":{"@id":"https:\/\/laffinee.fr\/index.php\/produit\/domaine-de-moulines\/#primaryimage"},"thumbnailUrl":"https:\/\/laffinee.fr\/wp-content\/uploads\/2023\/03\/Chardonnay-Domaine-de-Moulines.jpg","datePublished":"2023-02-07T11:47:05+00:00","dateModified":"2023-11-23T17:54:39+00:00","breadcrumb":{"@id":"https:\/\/laffinee.fr\/index.php\/produit\/domaine-de-moulines\/#breadcrumb"},"inLanguage":"fr-FR","potentialAction":[{"@type":"ReadAction","target":["https:\/\/laffinee.fr\/index.php\/produit\/domaine-de-moulines\/"]}]},{"@type":"ImageObject","inLanguage":"fr-FR","@id":"https:\/\/laffinee.fr\/index.php\/produit\/domaine-de-moulines\/#primaryimage","url":"https:\/\/laffinee.fr\/wp-content\/uploads\/2023\/03\/Chardonnay-Domaine-de-Moulines.jpg","contentUrl":"https:\/\/laffinee.fr\/wp-content\/uploads\/2023\/03\/Chardonnay-Domaine-de-Moulines.jpg","width":667,"height":1000},{"@type":"BreadcrumbList","@id":"https:\/\/laffinee.fr\/index.php\/produit\/domaine-de-moulines\/#breadcrumb","itemListElement":[{"@type":"ListItem","position":1,"name":"Accueil","item":"https:\/\/laffinee.fr\/"},{"@type":"ListItem","position":2,"name":"Produits","item":"https:\/\/laffinee.fr\/index.php\/shop\/"},{"@type":"ListItem","position":3,"name":"Domaine de Moulines"}]},{"@type":"WebSite","@id":"https:\/\/laffinee.fr\/#website","url":"https:\/\/laffinee.fr\/","name":"L&#039;affin\u00e9e","description":"laffin\u00e9e","publisher":{"@id":"https:\/\/laffinee.fr\/#organization"},"potentialAction":[{"@type":"SearchAction","target":{"@type":"EntryPoint","urlTemplate":"https:\/\/laffinee.fr\/?s={search_term_string}"},"query-input":{"@type":"PropertyValueSpecification","valueRequired":true,"valueName":"search_term_string"}}],"inLanguage":"fr-FR"},{"@type":"Organization","@id":"https:\/\/laffinee.fr\/#organization","name":"L&#039;affin\u00e9e","url":"https:\/\/laffinee.fr\/","logo":{"@type":"ImageObject","inLanguage":"fr-FR","@id":"https:\/\/laffinee.fr\/#\/schema\/logo\/image\/","url":"https:\/\/laffinee.fr\/wp-content\/uploads\/2022\/12\/cropped-Capture-decran-2022-12-29-a-11.41.14.png","contentUrl":"https:\/\/laffinee.fr\/wp-content\/uploads\/2022\/12\/cropped-Capture-decran-2022-12-29-a-11.41.14.png","width":1232,"height":352,"caption":"L&#039;affin\u00e9e"},"image":{"@id":"https:\/\/laffinee.fr\/#\/schema\/logo\/image\/"}}]}},"jetpack_sharing_enabled":true,"_links":{"self":[{"href":"https:\/\/laffinee.fr\/index.php\/wp-json\/wp\/v2\/product\/2045","targetHints":{"allow":["GET"]}}],"collection":[{"href":"https:\/\/laffinee.fr\/index.php\/wp-json\/wp\/v2\/product"}],"about":[{"href":"https:\/\/laffinee.fr\/index.php\/wp-json\/wp\/v2\/types\/product"}],"replies":[{"embeddable":true,"href":"https:\/\/laffinee.fr\/index.php\/wp-json\/wp\/v2\/comments?post=2045"}],"wp:featuredmedia":[{"embeddable":true,"href":"https:\/\/laffinee.fr\/index.php\/wp-json\/wp\/v2\/media\/2768"}],"wp:attachment":[{"href":"https:\/\/laffinee.fr\/index.php\/wp-json\/wp\/v2\/media?parent=2045"}],"wp:term":[{"taxonomy":"product_brand","embeddable":true,"href":"https:\/\/laffinee.fr\/index.php\/wp-json\/wp\/v2\/product_brand?post=2045"},{"taxonomy":"product_cat","embeddable":true,"href":"https:\/\/laffinee.fr\/index.php\/wp-json\/wp\/v2\/product_cat?post=2045"},{"taxonomy":"product_tag","embeddable":true,"href":"https:\/\/laffinee.fr\/index.php\/wp-json\/wp\/v2\/product_tag?post=2045"}],"curies":[{"name":"wp","href":"https:\/\/api.w.org\/{rel}","templated":true}]}}