{"id":2017,"date":"2023-02-07T12:18:52","date_gmt":"2023-02-07T11:18:52","guid":{"rendered":"https:\/\/laffinee.fr\/?post_type=product&#038;p=2017"},"modified":"2025-02-04T18:37:22","modified_gmt":"2025-02-04T17:37:22","slug":"tomme-a-la-truffe","status":"publish","type":"product","link":"https:\/\/laffinee.fr\/index.php\/produit\/tomme-a-la-truffe\/","title":{"rendered":"Tomme \u00e0 la truffe d&rsquo;\u00e9t\u00e9"},"content":{"rendered":"<p>Si vous voulez \u00e9pater vos convives, ou juste vous faire plaisir&#8230; La texture de cette tomme est parfaite pour une<br \/>\nraclette et la truffe bien pr\u00e9sente apportera une variante tr\u00e8s \u00e9l\u00e9gante \u00e0 votre assortiment<\/p>\n","protected":false},"excerpt":{"rendered":"<p>Si vous voulez \u00e9pater vos convives, ou juste vous faire plaisir&#8230; La texture de cette tomme est parfaite pour une raclette et la truffe bien pr\u00e9sente apportera une variante tr\u00e8s \u00e9l\u00e9gante \u00e0 votre assortiment<\/p>\n<p>Id\u00e9ale \u00e0 d\u00e9guster telle quelle, \u00e0 l&rsquo;ap\u00e9ritif, ou dans vos burgers, risottos&#8230;<\/p>\n","protected":false},"featured_media":2672,"comment_status":"open","ping_status":"closed","template":"","meta":[],"product_brand":[],"product_cat":[66,55,70],"product_tag":[],"class_list":{"0":"post-2017","1":"product","2":"type-product","3":"status-publish","4":"has-post-thumbnail","6":"product_cat-fromages","7":"product_cat-les-fromages-qui-rechauffent","8":"product_cat-raclettes","10":"first","11":"instock","12":"taxable","13":"shipping-taxable","14":"purchasable","15":"product-type-variable"},"yoast_head":"<!-- This site is optimized with the Yoast SEO plugin v27.4 - https:\/\/yoast.com\/product\/yoast-seo-wordpress\/ -->\n<title>Tomme \u00e0 la truffe d&#039;\u00e9t\u00e9 - L&#039;affin\u00e9e<\/title>\n<meta name=\"description\" content=\"Tomme fermi\u00e8re au lait cru, \u00e0 la truffe d&#039;\u00e9t\u00e9, p\u00e2te press\u00e9e cuite aux \u00e9clats de truffe noire, id\u00e9ale en raclette, burger, croque monsieur et \u00e0 l&#039;ap\u00e9ro\" \/>\n<meta name=\"robots\" content=\"index, follow, max-snippet:-1, max-image-preview:large, max-video-preview:-1\" \/>\n<link rel=\"canonical\" href=\"https:\/\/laffinee.fr\/index.php\/produit\/tomme-a-la-truffe\/\" \/>\n<meta property=\"og:locale\" content=\"fr_FR\" \/>\n<meta property=\"og:type\" content=\"article\" \/>\n<meta property=\"og:title\" content=\"Tomme \u00e0 la truffe d&#039;\u00e9t\u00e9 - L&#039;affin\u00e9e\" \/>\n<meta property=\"og:description\" content=\"Tomme fermi\u00e8re au lait cru, \u00e0 la truffe d&#039;\u00e9t\u00e9, p\u00e2te press\u00e9e cuite aux \u00e9clats de truffe noire, id\u00e9ale en raclette, burger, croque monsieur et \u00e0 l&#039;ap\u00e9ro\" \/>\n<meta property=\"og:url\" content=\"https:\/\/laffinee.fr\/index.php\/produit\/tomme-a-la-truffe\/\" \/>\n<meta property=\"og:site_name\" content=\"L&#039;affin\u00e9e\" \/>\n<meta property=\"article:modified_time\" content=\"2025-02-04T17:37:22+00:00\" \/>\n<meta property=\"og:image\" content=\"https:\/\/laffinee.fr\/wp-content\/uploads\/2023\/03\/Tomme-du-Berry-a-la-Truffe-dete.jpg\" \/>\n\t<meta property=\"og:image:width\" content=\"1000\" \/>\n\t<meta property=\"og:image:height\" content=\"667\" \/>\n\t<meta property=\"og:image:type\" content=\"image\/jpeg\" \/>\n<meta name=\"twitter:card\" content=\"summary_large_image\" \/>\n<meta name=\"twitter:label1\" content=\"Dur\u00e9e de lecture estim\u00e9e\" \/>\n\t<meta name=\"twitter:data1\" content=\"1 minute\" \/>\n<script type=\"application\/ld+json\" class=\"yoast-schema-graph\">{\"@context\":\"https:\\\/\\\/schema.org\",\"@graph\":[{\"@type\":\"WebPage\",\"@id\":\"https:\\\/\\\/laffinee.fr\\\/index.php\\\/produit\\\/tomme-a-la-truffe\\\/\",\"url\":\"https:\\\/\\\/laffinee.fr\\\/index.php\\\/produit\\\/tomme-a-la-truffe\\\/\",\"name\":\"Tomme \u00e0 la truffe d'\u00e9t\u00e9 - L&#039;affin\u00e9e\",\"isPartOf\":{\"@id\":\"https:\\\/\\\/laffinee.fr\\\/#website\"},\"primaryImageOfPage\":{\"@id\":\"https:\\\/\\\/laffinee.fr\\\/index.php\\\/produit\\\/tomme-a-la-truffe\\\/#primaryimage\"},\"image\":{\"@id\":\"https:\\\/\\\/laffinee.fr\\\/index.php\\\/produit\\\/tomme-a-la-truffe\\\/#primaryimage\"},\"thumbnailUrl\":\"https:\\\/\\\/laffinee.fr\\\/wp-content\\\/uploads\\\/2023\\\/03\\\/Tomme-du-Berry-a-la-Truffe-dete.jpg\",\"datePublished\":\"2023-02-07T11:18:52+00:00\",\"dateModified\":\"2025-02-04T17:37:22+00:00\",\"description\":\"Tomme fermi\u00e8re au lait cru, \u00e0 la truffe d'\u00e9t\u00e9, p\u00e2te press\u00e9e cuite aux \u00e9clats de truffe noire, id\u00e9ale en raclette, burger, croque monsieur et \u00e0 l'ap\u00e9ro\",\"breadcrumb\":{\"@id\":\"https:\\\/\\\/laffinee.fr\\\/index.php\\\/produit\\\/tomme-a-la-truffe\\\/#breadcrumb\"},\"inLanguage\":\"fr-FR\",\"potentialAction\":[{\"@type\":\"ReadAction\",\"target\":[\"https:\\\/\\\/laffinee.fr\\\/index.php\\\/produit\\\/tomme-a-la-truffe\\\/\"]}]},{\"@type\":\"ImageObject\",\"inLanguage\":\"fr-FR\",\"@id\":\"https:\\\/\\\/laffinee.fr\\\/index.php\\\/produit\\\/tomme-a-la-truffe\\\/#primaryimage\",\"url\":\"https:\\\/\\\/laffinee.fr\\\/wp-content\\\/uploads\\\/2023\\\/03\\\/Tomme-du-Berry-a-la-Truffe-dete.jpg\",\"contentUrl\":\"https:\\\/\\\/laffinee.fr\\\/wp-content\\\/uploads\\\/2023\\\/03\\\/Tomme-du-Berry-a-la-Truffe-dete.jpg\",\"width\":1000,\"height\":667},{\"@type\":\"BreadcrumbList\",\"@id\":\"https:\\\/\\\/laffinee.fr\\\/index.php\\\/produit\\\/tomme-a-la-truffe\\\/#breadcrumb\",\"itemListElement\":[{\"@type\":\"ListItem\",\"position\":1,\"name\":\"Accueil\",\"item\":\"https:\\\/\\\/laffinee.fr\\\/\"},{\"@type\":\"ListItem\",\"position\":2,\"name\":\"Produits\",\"item\":\"https:\\\/\\\/laffinee.fr\\\/index.php\\\/shop\\\/\"},{\"@type\":\"ListItem\",\"position\":3,\"name\":\"Tomme \u00e0 la truffe d&rsquo;\u00e9t\u00e9\"}]},{\"@type\":\"WebSite\",\"@id\":\"https:\\\/\\\/laffinee.fr\\\/#website\",\"url\":\"https:\\\/\\\/laffinee.fr\\\/\",\"name\":\"L&#039;affin\u00e9e\",\"description\":\"laffin\u00e9e\",\"publisher\":{\"@id\":\"https:\\\/\\\/laffinee.fr\\\/#organization\"},\"potentialAction\":[{\"@type\":\"SearchAction\",\"target\":{\"@type\":\"EntryPoint\",\"urlTemplate\":\"https:\\\/\\\/laffinee.fr\\\/?s={search_term_string}\"},\"query-input\":{\"@type\":\"PropertyValueSpecification\",\"valueRequired\":true,\"valueName\":\"search_term_string\"}}],\"inLanguage\":\"fr-FR\"},{\"@type\":\"Organization\",\"@id\":\"https:\\\/\\\/laffinee.fr\\\/#organization\",\"name\":\"L&#039;affin\u00e9e\",\"url\":\"https:\\\/\\\/laffinee.fr\\\/\",\"logo\":{\"@type\":\"ImageObject\",\"inLanguage\":\"fr-FR\",\"@id\":\"https:\\\/\\\/laffinee.fr\\\/#\\\/schema\\\/logo\\\/image\\\/\",\"url\":\"https:\\\/\\\/laffinee.fr\\\/wp-content\\\/uploads\\\/2022\\\/12\\\/cropped-Capture-decran-2022-12-29-a-11.41.14.png\",\"contentUrl\":\"https:\\\/\\\/laffinee.fr\\\/wp-content\\\/uploads\\\/2022\\\/12\\\/cropped-Capture-decran-2022-12-29-a-11.41.14.png\",\"width\":1232,\"height\":352,\"caption\":\"L&#039;affin\u00e9e\"},\"image\":{\"@id\":\"https:\\\/\\\/laffinee.fr\\\/#\\\/schema\\\/logo\\\/image\\\/\"}}]}<\/script>\n<!-- \/ Yoast SEO plugin. -->","yoast_head_json":{"title":"Tomme \u00e0 la truffe d'\u00e9t\u00e9 - L&#039;affin\u00e9e","description":"Tomme fermi\u00e8re au lait cru, \u00e0 la truffe d'\u00e9t\u00e9, p\u00e2te press\u00e9e cuite aux \u00e9clats de truffe noire, id\u00e9ale en raclette, burger, croque monsieur et \u00e0 l'ap\u00e9ro","robots":{"index":"index","follow":"follow","max-snippet":"max-snippet:-1","max-image-preview":"max-image-preview:large","max-video-preview":"max-video-preview:-1"},"canonical":"https:\/\/laffinee.fr\/index.php\/produit\/tomme-a-la-truffe\/","og_locale":"fr_FR","og_type":"article","og_title":"Tomme \u00e0 la truffe d'\u00e9t\u00e9 - L&#039;affin\u00e9e","og_description":"Tomme fermi\u00e8re au lait cru, \u00e0 la truffe d'\u00e9t\u00e9, p\u00e2te press\u00e9e cuite aux \u00e9clats de truffe noire, id\u00e9ale en raclette, burger, croque monsieur et \u00e0 l'ap\u00e9ro","og_url":"https:\/\/laffinee.fr\/index.php\/produit\/tomme-a-la-truffe\/","og_site_name":"L&#039;affin\u00e9e","article_modified_time":"2025-02-04T17:37:22+00:00","og_image":[{"width":1000,"height":667,"url":"https:\/\/laffinee.fr\/wp-content\/uploads\/2023\/03\/Tomme-du-Berry-a-la-Truffe-dete.jpg","type":"image\/jpeg"}],"twitter_card":"summary_large_image","twitter_misc":{"Dur\u00e9e de lecture estim\u00e9e":"1 minute"},"schema":{"@context":"https:\/\/schema.org","@graph":[{"@type":"WebPage","@id":"https:\/\/laffinee.fr\/index.php\/produit\/tomme-a-la-truffe\/","url":"https:\/\/laffinee.fr\/index.php\/produit\/tomme-a-la-truffe\/","name":"Tomme \u00e0 la truffe d'\u00e9t\u00e9 - L&#039;affin\u00e9e","isPartOf":{"@id":"https:\/\/laffinee.fr\/#website"},"primaryImageOfPage":{"@id":"https:\/\/laffinee.fr\/index.php\/produit\/tomme-a-la-truffe\/#primaryimage"},"image":{"@id":"https:\/\/laffinee.fr\/index.php\/produit\/tomme-a-la-truffe\/#primaryimage"},"thumbnailUrl":"https:\/\/laffinee.fr\/wp-content\/uploads\/2023\/03\/Tomme-du-Berry-a-la-Truffe-dete.jpg","datePublished":"2023-02-07T11:18:52+00:00","dateModified":"2025-02-04T17:37:22+00:00","description":"Tomme fermi\u00e8re au lait cru, \u00e0 la truffe d'\u00e9t\u00e9, p\u00e2te press\u00e9e cuite aux \u00e9clats de truffe noire, id\u00e9ale en raclette, burger, croque monsieur et \u00e0 l'ap\u00e9ro","breadcrumb":{"@id":"https:\/\/laffinee.fr\/index.php\/produit\/tomme-a-la-truffe\/#breadcrumb"},"inLanguage":"fr-FR","potentialAction":[{"@type":"ReadAction","target":["https:\/\/laffinee.fr\/index.php\/produit\/tomme-a-la-truffe\/"]}]},{"@type":"ImageObject","inLanguage":"fr-FR","@id":"https:\/\/laffinee.fr\/index.php\/produit\/tomme-a-la-truffe\/#primaryimage","url":"https:\/\/laffinee.fr\/wp-content\/uploads\/2023\/03\/Tomme-du-Berry-a-la-Truffe-dete.jpg","contentUrl":"https:\/\/laffinee.fr\/wp-content\/uploads\/2023\/03\/Tomme-du-Berry-a-la-Truffe-dete.jpg","width":1000,"height":667},{"@type":"BreadcrumbList","@id":"https:\/\/laffinee.fr\/index.php\/produit\/tomme-a-la-truffe\/#breadcrumb","itemListElement":[{"@type":"ListItem","position":1,"name":"Accueil","item":"https:\/\/laffinee.fr\/"},{"@type":"ListItem","position":2,"name":"Produits","item":"https:\/\/laffinee.fr\/index.php\/shop\/"},{"@type":"ListItem","position":3,"name":"Tomme \u00e0 la truffe d&rsquo;\u00e9t\u00e9"}]},{"@type":"WebSite","@id":"https:\/\/laffinee.fr\/#website","url":"https:\/\/laffinee.fr\/","name":"L&#039;affin\u00e9e","description":"laffin\u00e9e","publisher":{"@id":"https:\/\/laffinee.fr\/#organization"},"potentialAction":[{"@type":"SearchAction","target":{"@type":"EntryPoint","urlTemplate":"https:\/\/laffinee.fr\/?s={search_term_string}"},"query-input":{"@type":"PropertyValueSpecification","valueRequired":true,"valueName":"search_term_string"}}],"inLanguage":"fr-FR"},{"@type":"Organization","@id":"https:\/\/laffinee.fr\/#organization","name":"L&#039;affin\u00e9e","url":"https:\/\/laffinee.fr\/","logo":{"@type":"ImageObject","inLanguage":"fr-FR","@id":"https:\/\/laffinee.fr\/#\/schema\/logo\/image\/","url":"https:\/\/laffinee.fr\/wp-content\/uploads\/2022\/12\/cropped-Capture-decran-2022-12-29-a-11.41.14.png","contentUrl":"https:\/\/laffinee.fr\/wp-content\/uploads\/2022\/12\/cropped-Capture-decran-2022-12-29-a-11.41.14.png","width":1232,"height":352,"caption":"L&#039;affin\u00e9e"},"image":{"@id":"https:\/\/laffinee.fr\/#\/schema\/logo\/image\/"}}]}},"jetpack_sharing_enabled":true,"_links":{"self":[{"href":"https:\/\/laffinee.fr\/index.php\/wp-json\/wp\/v2\/product\/2017","targetHints":{"allow":["GET"]}}],"collection":[{"href":"https:\/\/laffinee.fr\/index.php\/wp-json\/wp\/v2\/product"}],"about":[{"href":"https:\/\/laffinee.fr\/index.php\/wp-json\/wp\/v2\/types\/product"}],"replies":[{"embeddable":true,"href":"https:\/\/laffinee.fr\/index.php\/wp-json\/wp\/v2\/comments?post=2017"}],"wp:featuredmedia":[{"embeddable":true,"href":"https:\/\/laffinee.fr\/index.php\/wp-json\/wp\/v2\/media\/2672"}],"wp:attachment":[{"href":"https:\/\/laffinee.fr\/index.php\/wp-json\/wp\/v2\/media?parent=2017"}],"wp:term":[{"taxonomy":"product_brand","embeddable":true,"href":"https:\/\/laffinee.fr\/index.php\/wp-json\/wp\/v2\/product_brand?post=2017"},{"taxonomy":"product_cat","embeddable":true,"href":"https:\/\/laffinee.fr\/index.php\/wp-json\/wp\/v2\/product_cat?post=2017"},{"taxonomy":"product_tag","embeddable":true,"href":"https:\/\/laffinee.fr\/index.php\/wp-json\/wp\/v2\/product_tag?post=2017"}],"curies":[{"name":"wp","href":"https:\/\/api.w.org\/{rel}","templated":true}]}}