{"id":1975,"date":"2023-02-07T11:52:45","date_gmt":"2023-02-07T10:52:45","guid":{"rendered":"https:\/\/laffinee.fr\/?post_type=product&#038;p=1975"},"modified":"2025-07-16T10:51:11","modified_gmt":"2025-07-16T08:51:11","slug":"mimolette-demi-vieille","status":"publish","type":"product","link":"https:\/\/laffinee.fr\/index.php\/produit\/mimolette-demi-vieille\/","title":{"rendered":"Mimolette demi vieille locale au lait cru"},"content":{"rendered":"<p>Mimolette de la C\u00f4te d&rsquo;Opale au lait cru, elle est incroyablement tendre et onctueuse, sa p\u00e2te orang\u00e9e est cr\u00e9meuse, et le lait cru lui donne un go\u00fbt authentique avec des notes de noisette<\/p>\n","protected":false},"excerpt":{"rendered":"<p>Mimolette locale, au lait cru, tr\u00e8s onctueuse avec un bon go\u00fbt de fromage aux notes de noisette<\/p>\n","protected":false},"featured_media":2682,"comment_status":"open","ping_status":"closed","template":"","meta":[],"product_brand":[],"product_cat":[66,51],"product_tag":[],"class_list":{"0":"post-1975","1":"product","2":"type-product","3":"status-publish","4":"has-post-thumbnail","6":"product_cat-fromages","7":"product_cat-vache","9":"first","10":"instock","11":"taxable","12":"shipping-taxable","13":"purchasable","14":"product-type-variable","15":"has-default-attributes"},"yoast_head":"<!-- This site is optimized with the Yoast SEO plugin v27.3 - https:\/\/yoast.com\/product\/yoast-seo-wordpress\/ -->\n<title>Mimolette demi vieille locale au lait cru - L&#039;affin\u00e9e<\/title>\n<meta name=\"description\" content=\"Mimolette au lait cru, fromage local, p\u00e2te dure et tendre, fromage ap\u00e9ritif, plateau de fromage, produit de la c\u00f4te d&#039;opale\" \/>\n<meta name=\"robots\" content=\"index, follow, max-snippet:-1, max-image-preview:large, max-video-preview:-1\" \/>\n<link rel=\"canonical\" href=\"https:\/\/laffinee.fr\/index.php\/produit\/mimolette-demi-vieille\/\" \/>\n<meta property=\"og:locale\" content=\"fr_FR\" \/>\n<meta property=\"og:type\" content=\"article\" \/>\n<meta property=\"og:title\" content=\"Mimolette demi vieille locale au lait cru - L&#039;affin\u00e9e\" \/>\n<meta property=\"og:description\" content=\"Mimolette au lait cru, fromage local, p\u00e2te dure et tendre, fromage ap\u00e9ritif, plateau de fromage, produit de la c\u00f4te d&#039;opale\" \/>\n<meta property=\"og:url\" content=\"https:\/\/laffinee.fr\/index.php\/produit\/mimolette-demi-vieille\/\" \/>\n<meta property=\"og:site_name\" content=\"L&#039;affin\u00e9e\" \/>\n<meta property=\"article:modified_time\" content=\"2025-07-16T08:51:11+00:00\" \/>\n<meta property=\"og:image\" content=\"https:\/\/laffinee.fr\/wp-content\/uploads\/2023\/03\/Mimolette-demi-vieille.jpg\" \/>\n\t<meta property=\"og:image:width\" content=\"1000\" \/>\n\t<meta property=\"og:image:height\" content=\"667\" \/>\n\t<meta property=\"og:image:type\" content=\"image\/jpeg\" \/>\n<meta name=\"twitter:card\" content=\"summary_large_image\" \/>\n<meta name=\"twitter:label1\" content=\"Dur\u00e9e de lecture estim\u00e9e\" \/>\n\t<meta name=\"twitter:data1\" content=\"1 minute\" \/>\n<script type=\"application\/ld+json\" class=\"yoast-schema-graph\">{\"@context\":\"https:\\\/\\\/schema.org\",\"@graph\":[{\"@type\":\"WebPage\",\"@id\":\"https:\\\/\\\/laffinee.fr\\\/index.php\\\/produit\\\/mimolette-demi-vieille\\\/\",\"url\":\"https:\\\/\\\/laffinee.fr\\\/index.php\\\/produit\\\/mimolette-demi-vieille\\\/\",\"name\":\"Mimolette demi vieille locale au lait cru - L&#039;affin\u00e9e\",\"isPartOf\":{\"@id\":\"https:\\\/\\\/laffinee.fr\\\/#website\"},\"primaryImageOfPage\":{\"@id\":\"https:\\\/\\\/laffinee.fr\\\/index.php\\\/produit\\\/mimolette-demi-vieille\\\/#primaryimage\"},\"image\":{\"@id\":\"https:\\\/\\\/laffinee.fr\\\/index.php\\\/produit\\\/mimolette-demi-vieille\\\/#primaryimage\"},\"thumbnailUrl\":\"https:\\\/\\\/laffinee.fr\\\/wp-content\\\/uploads\\\/2023\\\/03\\\/Mimolette-demi-vieille.jpg\",\"datePublished\":\"2023-02-07T10:52:45+00:00\",\"dateModified\":\"2025-07-16T08:51:11+00:00\",\"description\":\"Mimolette au lait cru, fromage local, p\u00e2te dure et tendre, fromage ap\u00e9ritif, plateau de fromage, produit de la c\u00f4te d'opale\",\"breadcrumb\":{\"@id\":\"https:\\\/\\\/laffinee.fr\\\/index.php\\\/produit\\\/mimolette-demi-vieille\\\/#breadcrumb\"},\"inLanguage\":\"fr-FR\",\"potentialAction\":[{\"@type\":\"ReadAction\",\"target\":[\"https:\\\/\\\/laffinee.fr\\\/index.php\\\/produit\\\/mimolette-demi-vieille\\\/\"]}]},{\"@type\":\"ImageObject\",\"inLanguage\":\"fr-FR\",\"@id\":\"https:\\\/\\\/laffinee.fr\\\/index.php\\\/produit\\\/mimolette-demi-vieille\\\/#primaryimage\",\"url\":\"https:\\\/\\\/laffinee.fr\\\/wp-content\\\/uploads\\\/2023\\\/03\\\/Mimolette-demi-vieille.jpg\",\"contentUrl\":\"https:\\\/\\\/laffinee.fr\\\/wp-content\\\/uploads\\\/2023\\\/03\\\/Mimolette-demi-vieille.jpg\",\"width\":1000,\"height\":667},{\"@type\":\"BreadcrumbList\",\"@id\":\"https:\\\/\\\/laffinee.fr\\\/index.php\\\/produit\\\/mimolette-demi-vieille\\\/#breadcrumb\",\"itemListElement\":[{\"@type\":\"ListItem\",\"position\":1,\"name\":\"Accueil\",\"item\":\"https:\\\/\\\/laffinee.fr\\\/\"},{\"@type\":\"ListItem\",\"position\":2,\"name\":\"Produits\",\"item\":\"https:\\\/\\\/laffinee.fr\\\/index.php\\\/shop\\\/\"},{\"@type\":\"ListItem\",\"position\":3,\"name\":\"Mimolette demi vieille locale au lait cru\"}]},{\"@type\":\"WebSite\",\"@id\":\"https:\\\/\\\/laffinee.fr\\\/#website\",\"url\":\"https:\\\/\\\/laffinee.fr\\\/\",\"name\":\"L&#039;affin\u00e9e\",\"description\":\"laffin\u00e9e\",\"publisher\":{\"@id\":\"https:\\\/\\\/laffinee.fr\\\/#organization\"},\"potentialAction\":[{\"@type\":\"SearchAction\",\"target\":{\"@type\":\"EntryPoint\",\"urlTemplate\":\"https:\\\/\\\/laffinee.fr\\\/?s={search_term_string}\"},\"query-input\":{\"@type\":\"PropertyValueSpecification\",\"valueRequired\":true,\"valueName\":\"search_term_string\"}}],\"inLanguage\":\"fr-FR\"},{\"@type\":\"Organization\",\"@id\":\"https:\\\/\\\/laffinee.fr\\\/#organization\",\"name\":\"L&#039;affin\u00e9e\",\"url\":\"https:\\\/\\\/laffinee.fr\\\/\",\"logo\":{\"@type\":\"ImageObject\",\"inLanguage\":\"fr-FR\",\"@id\":\"https:\\\/\\\/laffinee.fr\\\/#\\\/schema\\\/logo\\\/image\\\/\",\"url\":\"https:\\\/\\\/laffinee.fr\\\/wp-content\\\/uploads\\\/2022\\\/12\\\/cropped-Capture-decran-2022-12-29-a-11.41.14.png\",\"contentUrl\":\"https:\\\/\\\/laffinee.fr\\\/wp-content\\\/uploads\\\/2022\\\/12\\\/cropped-Capture-decran-2022-12-29-a-11.41.14.png\",\"width\":1232,\"height\":352,\"caption\":\"L&#039;affin\u00e9e\"},\"image\":{\"@id\":\"https:\\\/\\\/laffinee.fr\\\/#\\\/schema\\\/logo\\\/image\\\/\"}}]}<\/script>\n<!-- \/ Yoast SEO plugin. -->","yoast_head_json":{"title":"Mimolette demi vieille locale au lait cru - L&#039;affin\u00e9e","description":"Mimolette au lait cru, fromage local, p\u00e2te dure et tendre, fromage ap\u00e9ritif, plateau de fromage, produit de la c\u00f4te d'opale","robots":{"index":"index","follow":"follow","max-snippet":"max-snippet:-1","max-image-preview":"max-image-preview:large","max-video-preview":"max-video-preview:-1"},"canonical":"https:\/\/laffinee.fr\/index.php\/produit\/mimolette-demi-vieille\/","og_locale":"fr_FR","og_type":"article","og_title":"Mimolette demi vieille locale au lait cru - L&#039;affin\u00e9e","og_description":"Mimolette au lait cru, fromage local, p\u00e2te dure et tendre, fromage ap\u00e9ritif, plateau de fromage, produit de la c\u00f4te d'opale","og_url":"https:\/\/laffinee.fr\/index.php\/produit\/mimolette-demi-vieille\/","og_site_name":"L&#039;affin\u00e9e","article_modified_time":"2025-07-16T08:51:11+00:00","og_image":[{"width":1000,"height":667,"url":"https:\/\/laffinee.fr\/wp-content\/uploads\/2023\/03\/Mimolette-demi-vieille.jpg","type":"image\/jpeg"}],"twitter_card":"summary_large_image","twitter_misc":{"Dur\u00e9e de lecture estim\u00e9e":"1 minute"},"schema":{"@context":"https:\/\/schema.org","@graph":[{"@type":"WebPage","@id":"https:\/\/laffinee.fr\/index.php\/produit\/mimolette-demi-vieille\/","url":"https:\/\/laffinee.fr\/index.php\/produit\/mimolette-demi-vieille\/","name":"Mimolette demi vieille locale au lait cru - L&#039;affin\u00e9e","isPartOf":{"@id":"https:\/\/laffinee.fr\/#website"},"primaryImageOfPage":{"@id":"https:\/\/laffinee.fr\/index.php\/produit\/mimolette-demi-vieille\/#primaryimage"},"image":{"@id":"https:\/\/laffinee.fr\/index.php\/produit\/mimolette-demi-vieille\/#primaryimage"},"thumbnailUrl":"https:\/\/laffinee.fr\/wp-content\/uploads\/2023\/03\/Mimolette-demi-vieille.jpg","datePublished":"2023-02-07T10:52:45+00:00","dateModified":"2025-07-16T08:51:11+00:00","description":"Mimolette au lait cru, fromage local, p\u00e2te dure et tendre, fromage ap\u00e9ritif, plateau de fromage, produit de la c\u00f4te d'opale","breadcrumb":{"@id":"https:\/\/laffinee.fr\/index.php\/produit\/mimolette-demi-vieille\/#breadcrumb"},"inLanguage":"fr-FR","potentialAction":[{"@type":"ReadAction","target":["https:\/\/laffinee.fr\/index.php\/produit\/mimolette-demi-vieille\/"]}]},{"@type":"ImageObject","inLanguage":"fr-FR","@id":"https:\/\/laffinee.fr\/index.php\/produit\/mimolette-demi-vieille\/#primaryimage","url":"https:\/\/laffinee.fr\/wp-content\/uploads\/2023\/03\/Mimolette-demi-vieille.jpg","contentUrl":"https:\/\/laffinee.fr\/wp-content\/uploads\/2023\/03\/Mimolette-demi-vieille.jpg","width":1000,"height":667},{"@type":"BreadcrumbList","@id":"https:\/\/laffinee.fr\/index.php\/produit\/mimolette-demi-vieille\/#breadcrumb","itemListElement":[{"@type":"ListItem","position":1,"name":"Accueil","item":"https:\/\/laffinee.fr\/"},{"@type":"ListItem","position":2,"name":"Produits","item":"https:\/\/laffinee.fr\/index.php\/shop\/"},{"@type":"ListItem","position":3,"name":"Mimolette demi vieille locale au lait cru"}]},{"@type":"WebSite","@id":"https:\/\/laffinee.fr\/#website","url":"https:\/\/laffinee.fr\/","name":"L&#039;affin\u00e9e","description":"laffin\u00e9e","publisher":{"@id":"https:\/\/laffinee.fr\/#organization"},"potentialAction":[{"@type":"SearchAction","target":{"@type":"EntryPoint","urlTemplate":"https:\/\/laffinee.fr\/?s={search_term_string}"},"query-input":{"@type":"PropertyValueSpecification","valueRequired":true,"valueName":"search_term_string"}}],"inLanguage":"fr-FR"},{"@type":"Organization","@id":"https:\/\/laffinee.fr\/#organization","name":"L&#039;affin\u00e9e","url":"https:\/\/laffinee.fr\/","logo":{"@type":"ImageObject","inLanguage":"fr-FR","@id":"https:\/\/laffinee.fr\/#\/schema\/logo\/image\/","url":"https:\/\/laffinee.fr\/wp-content\/uploads\/2022\/12\/cropped-Capture-decran-2022-12-29-a-11.41.14.png","contentUrl":"https:\/\/laffinee.fr\/wp-content\/uploads\/2022\/12\/cropped-Capture-decran-2022-12-29-a-11.41.14.png","width":1232,"height":352,"caption":"L&#039;affin\u00e9e"},"image":{"@id":"https:\/\/laffinee.fr\/#\/schema\/logo\/image\/"}}]}},"jetpack_sharing_enabled":true,"_links":{"self":[{"href":"https:\/\/laffinee.fr\/index.php\/wp-json\/wp\/v2\/product\/1975","targetHints":{"allow":["GET"]}}],"collection":[{"href":"https:\/\/laffinee.fr\/index.php\/wp-json\/wp\/v2\/product"}],"about":[{"href":"https:\/\/laffinee.fr\/index.php\/wp-json\/wp\/v2\/types\/product"}],"replies":[{"embeddable":true,"href":"https:\/\/laffinee.fr\/index.php\/wp-json\/wp\/v2\/comments?post=1975"}],"wp:featuredmedia":[{"embeddable":true,"href":"https:\/\/laffinee.fr\/index.php\/wp-json\/wp\/v2\/media\/2682"}],"wp:attachment":[{"href":"https:\/\/laffinee.fr\/index.php\/wp-json\/wp\/v2\/media?parent=1975"}],"wp:term":[{"taxonomy":"product_brand","embeddable":true,"href":"https:\/\/laffinee.fr\/index.php\/wp-json\/wp\/v2\/product_brand?post=1975"},{"taxonomy":"product_cat","embeddable":true,"href":"https:\/\/laffinee.fr\/index.php\/wp-json\/wp\/v2\/product_cat?post=1975"},{"taxonomy":"product_tag","embeddable":true,"href":"https:\/\/laffinee.fr\/index.php\/wp-json\/wp\/v2\/product_tag?post=1975"}],"curies":[{"name":"wp","href":"https:\/\/api.w.org\/{rel}","templated":true}]}}