{"id":1960,"date":"2023-02-07T11:45:57","date_gmt":"2023-02-07T10:45:57","guid":{"rendered":"https:\/\/laffinee.fr\/?post_type=product&#038;p=1960"},"modified":"2025-02-13T11:58:01","modified_gmt":"2025-02-13T10:58:01","slug":"morbier","status":"publish","type":"product","link":"https:\/\/laffinee.fr\/index.php\/produit\/morbier\/","title":{"rendered":"Morbier"},"content":{"rendered":"<p>AOP du Jura, comme la raclette et le comt\u00e9, on reconna\u00eet le Morbier entre tous gr\u00e2ce \u00e0 sa ligne de cendre qui le s\u00e9pare en deux (non, ce n&rsquo;est pas un champignon comme pour les bleus!)<br \/>\nAffinage 45 jours minimum<\/p>\n","protected":false},"excerpt":{"rendered":"<p>AOP du Jura, comme la raclette et le comt\u00e9, on reconna\u00eet le Morbier entre tous gr\u00e2ce \u00e0 sa ligne de cendre qui le s\u00e9pare en deux (non, ce n&rsquo;est pas un champignon comme pour les bleus!)<br \/>\nAffinage 45 jours minimum<\/p>\n","protected":false},"featured_media":2688,"comment_status":"open","ping_status":"closed","template":"","meta":[],"product_brand":[],"product_cat":[66,35,70,51],"product_tag":[],"class_list":{"0":"post-1960","1":"product","2":"type-product","3":"status-publish","4":"has-post-thumbnail","6":"product_cat-fromages","7":"product_cat-non-classe","8":"product_cat-raclettes","9":"product_cat-vache","11":"first","12":"instock","13":"taxable","14":"shipping-taxable","15":"purchasable","16":"product-type-variable","17":"has-default-attributes"},"yoast_head":"<!-- This site is optimized with the Yoast SEO plugin v27.5 - https:\/\/yoast.com\/product\/yoast-seo-wordpress\/ -->\n<title>Morbier - L&#039;affin\u00e9e<\/title>\n<meta name=\"robots\" content=\"index, follow, max-snippet:-1, max-image-preview:large, max-video-preview:-1\" \/>\n<link rel=\"canonical\" href=\"https:\/\/laffinee.fr\/index.php\/produit\/morbier\/\" \/>\n<meta property=\"og:locale\" content=\"fr_FR\" \/>\n<meta property=\"og:type\" content=\"article\" \/>\n<meta property=\"og:title\" content=\"Morbier - L&#039;affin\u00e9e\" \/>\n<meta property=\"og:description\" content=\"AOP du Jura, comme la raclette et le comt\u00e9, on reconna\u00eet le Morbier entre tous gr\u00e2ce \u00e0 sa ligne de cendre qui le s\u00e9pare en deux (non, ce n&#039;est pas un champignon comme pour les bleus!) Affinage 45 jours minimum\" \/>\n<meta property=\"og:url\" content=\"https:\/\/laffinee.fr\/index.php\/produit\/morbier\/\" \/>\n<meta property=\"og:site_name\" content=\"L&#039;affin\u00e9e\" \/>\n<meta property=\"article:modified_time\" content=\"2025-02-13T10:58:01+00:00\" \/>\n<meta property=\"og:image\" content=\"https:\/\/laffinee.fr\/wp-content\/uploads\/2023\/03\/Morbier.jpg\" \/>\n\t<meta property=\"og:image:width\" content=\"1000\" \/>\n\t<meta property=\"og:image:height\" content=\"667\" \/>\n\t<meta property=\"og:image:type\" content=\"image\/jpeg\" \/>\n<meta name=\"twitter:card\" content=\"summary_large_image\" \/>\n<meta name=\"twitter:label1\" content=\"Dur\u00e9e de lecture estim\u00e9e\" \/>\n\t<meta name=\"twitter:data1\" content=\"1 minute\" \/>\n<script type=\"application\/ld+json\" class=\"yoast-schema-graph\">{\"@context\":\"https:\\\/\\\/schema.org\",\"@graph\":[{\"@type\":\"WebPage\",\"@id\":\"https:\\\/\\\/laffinee.fr\\\/index.php\\\/produit\\\/morbier\\\/\",\"url\":\"https:\\\/\\\/laffinee.fr\\\/index.php\\\/produit\\\/morbier\\\/\",\"name\":\"Morbier - L&#039;affin\u00e9e\",\"isPartOf\":{\"@id\":\"https:\\\/\\\/laffinee.fr\\\/#website\"},\"primaryImageOfPage\":{\"@id\":\"https:\\\/\\\/laffinee.fr\\\/index.php\\\/produit\\\/morbier\\\/#primaryimage\"},\"image\":{\"@id\":\"https:\\\/\\\/laffinee.fr\\\/index.php\\\/produit\\\/morbier\\\/#primaryimage\"},\"thumbnailUrl\":\"https:\\\/\\\/laffinee.fr\\\/wp-content\\\/uploads\\\/2023\\\/03\\\/Morbier.jpg\",\"datePublished\":\"2023-02-07T10:45:57+00:00\",\"dateModified\":\"2025-02-13T10:58:01+00:00\",\"breadcrumb\":{\"@id\":\"https:\\\/\\\/laffinee.fr\\\/index.php\\\/produit\\\/morbier\\\/#breadcrumb\"},\"inLanguage\":\"fr-FR\",\"potentialAction\":[{\"@type\":\"ReadAction\",\"target\":[\"https:\\\/\\\/laffinee.fr\\\/index.php\\\/produit\\\/morbier\\\/\"]}]},{\"@type\":\"ImageObject\",\"inLanguage\":\"fr-FR\",\"@id\":\"https:\\\/\\\/laffinee.fr\\\/index.php\\\/produit\\\/morbier\\\/#primaryimage\",\"url\":\"https:\\\/\\\/laffinee.fr\\\/wp-content\\\/uploads\\\/2023\\\/03\\\/Morbier.jpg\",\"contentUrl\":\"https:\\\/\\\/laffinee.fr\\\/wp-content\\\/uploads\\\/2023\\\/03\\\/Morbier.jpg\",\"width\":1000,\"height\":667},{\"@type\":\"BreadcrumbList\",\"@id\":\"https:\\\/\\\/laffinee.fr\\\/index.php\\\/produit\\\/morbier\\\/#breadcrumb\",\"itemListElement\":[{\"@type\":\"ListItem\",\"position\":1,\"name\":\"Accueil\",\"item\":\"https:\\\/\\\/laffinee.fr\\\/\"},{\"@type\":\"ListItem\",\"position\":2,\"name\":\"Produits\",\"item\":\"https:\\\/\\\/laffinee.fr\\\/index.php\\\/shop\\\/\"},{\"@type\":\"ListItem\",\"position\":3,\"name\":\"Morbier\"}]},{\"@type\":\"WebSite\",\"@id\":\"https:\\\/\\\/laffinee.fr\\\/#website\",\"url\":\"https:\\\/\\\/laffinee.fr\\\/\",\"name\":\"L&#039;affin\u00e9e\",\"description\":\"laffin\u00e9e\",\"publisher\":{\"@id\":\"https:\\\/\\\/laffinee.fr\\\/#organization\"},\"potentialAction\":[{\"@type\":\"SearchAction\",\"target\":{\"@type\":\"EntryPoint\",\"urlTemplate\":\"https:\\\/\\\/laffinee.fr\\\/?s={search_term_string}\"},\"query-input\":{\"@type\":\"PropertyValueSpecification\",\"valueRequired\":true,\"valueName\":\"search_term_string\"}}],\"inLanguage\":\"fr-FR\"},{\"@type\":\"Organization\",\"@id\":\"https:\\\/\\\/laffinee.fr\\\/#organization\",\"name\":\"L&#039;affin\u00e9e\",\"url\":\"https:\\\/\\\/laffinee.fr\\\/\",\"logo\":{\"@type\":\"ImageObject\",\"inLanguage\":\"fr-FR\",\"@id\":\"https:\\\/\\\/laffinee.fr\\\/#\\\/schema\\\/logo\\\/image\\\/\",\"url\":\"https:\\\/\\\/laffinee.fr\\\/wp-content\\\/uploads\\\/2022\\\/12\\\/cropped-Capture-decran-2022-12-29-a-11.41.14.png\",\"contentUrl\":\"https:\\\/\\\/laffinee.fr\\\/wp-content\\\/uploads\\\/2022\\\/12\\\/cropped-Capture-decran-2022-12-29-a-11.41.14.png\",\"width\":1232,\"height\":352,\"caption\":\"L&#039;affin\u00e9e\"},\"image\":{\"@id\":\"https:\\\/\\\/laffinee.fr\\\/#\\\/schema\\\/logo\\\/image\\\/\"}}]}<\/script>\n<!-- \/ Yoast SEO plugin. -->","yoast_head_json":{"title":"Morbier - L&#039;affin\u00e9e","robots":{"index":"index","follow":"follow","max-snippet":"max-snippet:-1","max-image-preview":"max-image-preview:large","max-video-preview":"max-video-preview:-1"},"canonical":"https:\/\/laffinee.fr\/index.php\/produit\/morbier\/","og_locale":"fr_FR","og_type":"article","og_title":"Morbier - L&#039;affin\u00e9e","og_description":"AOP du Jura, comme la raclette et le comt\u00e9, on reconna\u00eet le Morbier entre tous gr\u00e2ce \u00e0 sa ligne de cendre qui le s\u00e9pare en deux (non, ce n'est pas un champignon comme pour les bleus!) Affinage 45 jours minimum","og_url":"https:\/\/laffinee.fr\/index.php\/produit\/morbier\/","og_site_name":"L&#039;affin\u00e9e","article_modified_time":"2025-02-13T10:58:01+00:00","og_image":[{"width":1000,"height":667,"url":"https:\/\/laffinee.fr\/wp-content\/uploads\/2023\/03\/Morbier.jpg","type":"image\/jpeg"}],"twitter_card":"summary_large_image","twitter_misc":{"Dur\u00e9e de lecture estim\u00e9e":"1 minute"},"schema":{"@context":"https:\/\/schema.org","@graph":[{"@type":"WebPage","@id":"https:\/\/laffinee.fr\/index.php\/produit\/morbier\/","url":"https:\/\/laffinee.fr\/index.php\/produit\/morbier\/","name":"Morbier - L&#039;affin\u00e9e","isPartOf":{"@id":"https:\/\/laffinee.fr\/#website"},"primaryImageOfPage":{"@id":"https:\/\/laffinee.fr\/index.php\/produit\/morbier\/#primaryimage"},"image":{"@id":"https:\/\/laffinee.fr\/index.php\/produit\/morbier\/#primaryimage"},"thumbnailUrl":"https:\/\/laffinee.fr\/wp-content\/uploads\/2023\/03\/Morbier.jpg","datePublished":"2023-02-07T10:45:57+00:00","dateModified":"2025-02-13T10:58:01+00:00","breadcrumb":{"@id":"https:\/\/laffinee.fr\/index.php\/produit\/morbier\/#breadcrumb"},"inLanguage":"fr-FR","potentialAction":[{"@type":"ReadAction","target":["https:\/\/laffinee.fr\/index.php\/produit\/morbier\/"]}]},{"@type":"ImageObject","inLanguage":"fr-FR","@id":"https:\/\/laffinee.fr\/index.php\/produit\/morbier\/#primaryimage","url":"https:\/\/laffinee.fr\/wp-content\/uploads\/2023\/03\/Morbier.jpg","contentUrl":"https:\/\/laffinee.fr\/wp-content\/uploads\/2023\/03\/Morbier.jpg","width":1000,"height":667},{"@type":"BreadcrumbList","@id":"https:\/\/laffinee.fr\/index.php\/produit\/morbier\/#breadcrumb","itemListElement":[{"@type":"ListItem","position":1,"name":"Accueil","item":"https:\/\/laffinee.fr\/"},{"@type":"ListItem","position":2,"name":"Produits","item":"https:\/\/laffinee.fr\/index.php\/shop\/"},{"@type":"ListItem","position":3,"name":"Morbier"}]},{"@type":"WebSite","@id":"https:\/\/laffinee.fr\/#website","url":"https:\/\/laffinee.fr\/","name":"L&#039;affin\u00e9e","description":"laffin\u00e9e","publisher":{"@id":"https:\/\/laffinee.fr\/#organization"},"potentialAction":[{"@type":"SearchAction","target":{"@type":"EntryPoint","urlTemplate":"https:\/\/laffinee.fr\/?s={search_term_string}"},"query-input":{"@type":"PropertyValueSpecification","valueRequired":true,"valueName":"search_term_string"}}],"inLanguage":"fr-FR"},{"@type":"Organization","@id":"https:\/\/laffinee.fr\/#organization","name":"L&#039;affin\u00e9e","url":"https:\/\/laffinee.fr\/","logo":{"@type":"ImageObject","inLanguage":"fr-FR","@id":"https:\/\/laffinee.fr\/#\/schema\/logo\/image\/","url":"https:\/\/laffinee.fr\/wp-content\/uploads\/2022\/12\/cropped-Capture-decran-2022-12-29-a-11.41.14.png","contentUrl":"https:\/\/laffinee.fr\/wp-content\/uploads\/2022\/12\/cropped-Capture-decran-2022-12-29-a-11.41.14.png","width":1232,"height":352,"caption":"L&#039;affin\u00e9e"},"image":{"@id":"https:\/\/laffinee.fr\/#\/schema\/logo\/image\/"}}]}},"jetpack_sharing_enabled":true,"_links":{"self":[{"href":"https:\/\/laffinee.fr\/index.php\/wp-json\/wp\/v2\/product\/1960","targetHints":{"allow":["GET"]}}],"collection":[{"href":"https:\/\/laffinee.fr\/index.php\/wp-json\/wp\/v2\/product"}],"about":[{"href":"https:\/\/laffinee.fr\/index.php\/wp-json\/wp\/v2\/types\/product"}],"replies":[{"embeddable":true,"href":"https:\/\/laffinee.fr\/index.php\/wp-json\/wp\/v2\/comments?post=1960"}],"wp:featuredmedia":[{"embeddable":true,"href":"https:\/\/laffinee.fr\/index.php\/wp-json\/wp\/v2\/media\/2688"}],"wp:attachment":[{"href":"https:\/\/laffinee.fr\/index.php\/wp-json\/wp\/v2\/media?parent=1960"}],"wp:term":[{"taxonomy":"product_brand","embeddable":true,"href":"https:\/\/laffinee.fr\/index.php\/wp-json\/wp\/v2\/product_brand?post=1960"},{"taxonomy":"product_cat","embeddable":true,"href":"https:\/\/laffinee.fr\/index.php\/wp-json\/wp\/v2\/product_cat?post=1960"},{"taxonomy":"product_tag","embeddable":true,"href":"https:\/\/laffinee.fr\/index.php\/wp-json\/wp\/v2\/product_tag?post=1960"}],"curies":[{"name":"wp","href":"https:\/\/api.w.org\/{rel}","templated":true}]}}