{"id":620,"date":"2023-01-04T10:38:52","date_gmt":"2023-01-04T09:38:52","guid":{"rendered":"http:\/\/laffinee.fr\/index.php\/panier\/"},"modified":"2025-12-26T10:11:15","modified_gmt":"2025-12-26T09:11:15","slug":"panier","status":"publish","type":"page","link":"https:\/\/laffinee.fr\/index.php\/panier\/","title":{"rendered":"Panier"},"content":{"rendered":"\t\t<div data-elementor-type=\"wp-page\" data-elementor-id=\"620\" class=\"elementor elementor-620\" data-elementor-post-type=\"page\">\n\t\t\t\t\t\t<section class=\"elementor-section elementor-top-section elementor-element elementor-element-4307e9c9 elementor-section-boxed elementor-section-height-default elementor-section-height-default\" data-id=\"4307e9c9\" data-element_type=\"section\" data-e-type=\"section\" data-settings=\"{&quot;background_background&quot;:&quot;classic&quot;}\">\n\t\t\t\t\t\t<div class=\"elementor-container elementor-column-gap-no\">\n\t\t\t\t\t<div class=\"elementor-column elementor-col-100 elementor-top-column elementor-element elementor-element-246f4100\" data-id=\"246f4100\" data-element_type=\"column\" data-e-type=\"column\" data-settings=\"{&quot;background_background&quot;:&quot;classic&quot;}\">\n\t\t\t<div class=\"elementor-widget-wrap elementor-element-populated\">\n\t\t\t\t\t\t<div class=\"elementor-element elementor-element-1cb902db elementor-widget elementor-widget-eael-woo-cart\" data-id=\"1cb902db\" data-element_type=\"widget\" data-e-type=\"widget\" data-widget_type=\"eael-woo-cart.default\">\n\t\t\t\t<div class=\"elementor-widget-container\">\n\t\t\t\t\t\t\t\t\t<div class=\"eael-woo-cart-wrapper eael-woo-cart-empty eael-woo-default eael-auto-update33\">\n\t\t\t\t<div class=\"woocommerce-notices-wrapper\"><\/div><div class=\"wc-empty-cart-message\">\n\t<div class=\"cart-empty woocommerce-info\" role=\"status\">\n\t\tValider vos achats\t<\/div>\n<\/div>\t<p class=\"return-to-shop\">\n\t\t<a class=\"button wc-backward\" href=\"https:\/\/laffinee.fr\">\n\t\t\tRetour \u00e0 la boutique\t\t<\/a>\n\t<\/p>\n                <\/div>\n\t\t\t\t        <script>document.body.classList.add(\"eael-woo-cart\");<\/script>\n\t\t\t\t\t\t<\/div>\n\t\t\t\t<\/div>\n\t\t\t\t\t<\/div>\n\t\t<\/div>\n\t\t\t\t\t<\/div>\n\t\t<\/section>\n\t\t\t\t<\/div>\n\t\t","protected":false},"excerpt":{"rendered":"<p>Produit Prix Quantit\u00e9 Total Emmental3 45,00&nbsp;&euro; quantit\u00e9 de Emmental3 135,00&nbsp;&euro; Emmental 45,00&nbsp;&euro; quantit\u00e9 de Emmental 90,00&nbsp;&euro; Emmental2 45,00&nbsp;&euro; quantit\u00e9 de Emmental2 45,00&nbsp;&euro; Mettre \u00e0 jour le panier Subtotal 270,00&nbsp;&euro; Exp\u00e9dition Click &amp; Collect Les options de livraison seront mises \u00e0 jour lors de la commande. Total 270,00&nbsp;&euro; Valider vos achats<\/p>\n","protected":false},"author":1,"featured_media":0,"parent":0,"menu_order":0,"comment_status":"closed","ping_status":"closed","template":"","meta":{"footnotes":""},"class_list":["post-620","page","type-page","status-publish","hentry"],"yoast_head":"<!-- This site is optimized with the Yoast SEO plugin v27.4 - https:\/\/yoast.com\/product\/yoast-seo-wordpress\/ -->\n<title>Panier - L&#039;affin\u00e9e<\/title>\n<meta name=\"robots\" content=\"index, follow, max-snippet:-1, max-image-preview:large, max-video-preview:-1\" \/>\n<link rel=\"canonical\" href=\"https:\/\/laffinee.fr\/index.php\/panier\/\" \/>\n<meta property=\"og:locale\" content=\"fr_FR\" \/>\n<meta property=\"og:type\" content=\"article\" \/>\n<meta property=\"og:title\" content=\"Panier - L&#039;affin\u00e9e\" \/>\n<meta property=\"og:description\" content=\"Produit Prix Quantit\u00e9 Total Emmental3 45,00&nbsp;&euro; quantit\u00e9 de Emmental3 135,00&nbsp;&euro; Emmental 45,00&nbsp;&euro; quantit\u00e9 de Emmental 90,00&nbsp;&euro; Emmental2 45,00&nbsp;&euro; quantit\u00e9 de Emmental2 45,00&nbsp;&euro; Mettre \u00e0 jour le panier Subtotal 270,00&nbsp;&euro; Exp\u00e9dition Click &amp; Collect Les options de livraison seront mises \u00e0 jour lors de la commande. Total 270,00&nbsp;&euro; Valider vos achats\" \/>\n<meta property=\"og:url\" content=\"https:\/\/laffinee.fr\/index.php\/panier\/\" \/>\n<meta property=\"og:site_name\" content=\"L&#039;affin\u00e9e\" \/>\n<meta property=\"article:modified_time\" content=\"2025-12-26T09:11:15+00:00\" \/>\n<meta property=\"og:image\" content=\"https:\/\/laffinee.fr\/wp-content\/uploads\/2023\/01\/318427016_450869423881801_8519372618522276729_n.jpg\" \/>\n<meta name=\"twitter:card\" content=\"summary_large_image\" \/>\n<script type=\"application\/ld+json\" class=\"yoast-schema-graph\">{\"@context\":\"https:\\\/\\\/schema.org\",\"@graph\":[{\"@type\":\"WebPage\",\"@id\":\"https:\\\/\\\/laffinee.fr\\\/index.php\\\/panier\\\/\",\"url\":\"https:\\\/\\\/laffinee.fr\\\/index.php\\\/panier\\\/\",\"name\":\"Panier - L&#039;affin\u00e9e\",\"isPartOf\":{\"@id\":\"https:\\\/\\\/laffinee.fr\\\/#website\"},\"primaryImageOfPage\":{\"@id\":\"https:\\\/\\\/laffinee.fr\\\/index.php\\\/panier\\\/#primaryimage\"},\"image\":{\"@id\":\"https:\\\/\\\/laffinee.fr\\\/index.php\\\/panier\\\/#primaryimage\"},\"thumbnailUrl\":\"https:\\\/\\\/laffinee.fr\\\/wp-content\\\/uploads\\\/2023\\\/01\\\/318427016_450869423881801_8519372618522276729_n.jpg\",\"datePublished\":\"2023-01-04T09:38:52+00:00\",\"dateModified\":\"2025-12-26T09:11:15+00:00\",\"breadcrumb\":{\"@id\":\"https:\\\/\\\/laffinee.fr\\\/index.php\\\/panier\\\/#breadcrumb\"},\"inLanguage\":\"fr-FR\",\"potentialAction\":[{\"@type\":\"ReadAction\",\"target\":[\"https:\\\/\\\/laffinee.fr\\\/index.php\\\/panier\\\/\"]}]},{\"@type\":\"ImageObject\",\"inLanguage\":\"fr-FR\",\"@id\":\"https:\\\/\\\/laffinee.fr\\\/index.php\\\/panier\\\/#primaryimage\",\"url\":\"https:\\\/\\\/laffinee.fr\\\/wp-content\\\/uploads\\\/2023\\\/01\\\/318427016_450869423881801_8519372618522276729_n.jpg\",\"contentUrl\":\"https:\\\/\\\/laffinee.fr\\\/wp-content\\\/uploads\\\/2023\\\/01\\\/318427016_450869423881801_8519372618522276729_n.jpg\"},{\"@type\":\"BreadcrumbList\",\"@id\":\"https:\\\/\\\/laffinee.fr\\\/index.php\\\/panier\\\/#breadcrumb\",\"itemListElement\":[{\"@type\":\"ListItem\",\"position\":1,\"name\":\"Accueil\",\"item\":\"https:\\\/\\\/laffinee.fr\\\/\"},{\"@type\":\"ListItem\",\"position\":2,\"name\":\"Panier\"}]},{\"@type\":\"WebSite\",\"@id\":\"https:\\\/\\\/laffinee.fr\\\/#website\",\"url\":\"https:\\\/\\\/laffinee.fr\\\/\",\"name\":\"L&#039;affin\u00e9e\",\"description\":\"laffin\u00e9e\",\"publisher\":{\"@id\":\"https:\\\/\\\/laffinee.fr\\\/#organization\"},\"potentialAction\":[{\"@type\":\"SearchAction\",\"target\":{\"@type\":\"EntryPoint\",\"urlTemplate\":\"https:\\\/\\\/laffinee.fr\\\/?s={search_term_string}\"},\"query-input\":{\"@type\":\"PropertyValueSpecification\",\"valueRequired\":true,\"valueName\":\"search_term_string\"}}],\"inLanguage\":\"fr-FR\"},{\"@type\":\"Organization\",\"@id\":\"https:\\\/\\\/laffinee.fr\\\/#organization\",\"name\":\"L&#039;affin\u00e9e\",\"url\":\"https:\\\/\\\/laffinee.fr\\\/\",\"logo\":{\"@type\":\"ImageObject\",\"inLanguage\":\"fr-FR\",\"@id\":\"https:\\\/\\\/laffinee.fr\\\/#\\\/schema\\\/logo\\\/image\\\/\",\"url\":\"https:\\\/\\\/laffinee.fr\\\/wp-content\\\/uploads\\\/2022\\\/12\\\/cropped-Capture-decran-2022-12-29-a-11.41.14.png\",\"contentUrl\":\"https:\\\/\\\/laffinee.fr\\\/wp-content\\\/uploads\\\/2022\\\/12\\\/cropped-Capture-decran-2022-12-29-a-11.41.14.png\",\"width\":1232,\"height\":352,\"caption\":\"L&#039;affin\u00e9e\"},\"image\":{\"@id\":\"https:\\\/\\\/laffinee.fr\\\/#\\\/schema\\\/logo\\\/image\\\/\"}}]}<\/script>\n<!-- \/ Yoast SEO plugin. -->","yoast_head_json":{"title":"Panier - L&#039;affin\u00e9e","robots":{"index":"index","follow":"follow","max-snippet":"max-snippet:-1","max-image-preview":"max-image-preview:large","max-video-preview":"max-video-preview:-1"},"canonical":"https:\/\/laffinee.fr\/index.php\/panier\/","og_locale":"fr_FR","og_type":"article","og_title":"Panier - L&#039;affin\u00e9e","og_description":"Produit Prix Quantit\u00e9 Total Emmental3 45,00&nbsp;&euro; quantit\u00e9 de Emmental3 135,00&nbsp;&euro; Emmental 45,00&nbsp;&euro; quantit\u00e9 de Emmental 90,00&nbsp;&euro; Emmental2 45,00&nbsp;&euro; quantit\u00e9 de Emmental2 45,00&nbsp;&euro; Mettre \u00e0 jour le panier Subtotal 270,00&nbsp;&euro; Exp\u00e9dition Click &amp; Collect Les options de livraison seront mises \u00e0 jour lors de la commande. Total 270,00&nbsp;&euro; Valider vos achats","og_url":"https:\/\/laffinee.fr\/index.php\/panier\/","og_site_name":"L&#039;affin\u00e9e","article_modified_time":"2025-12-26T09:11:15+00:00","og_image":[{"url":"https:\/\/laffinee.fr\/wp-content\/uploads\/2023\/01\/318427016_450869423881801_8519372618522276729_n.jpg","type":"","width":"","height":""}],"twitter_card":"summary_large_image","schema":{"@context":"https:\/\/schema.org","@graph":[{"@type":"WebPage","@id":"https:\/\/laffinee.fr\/index.php\/panier\/","url":"https:\/\/laffinee.fr\/index.php\/panier\/","name":"Panier - L&#039;affin\u00e9e","isPartOf":{"@id":"https:\/\/laffinee.fr\/#website"},"primaryImageOfPage":{"@id":"https:\/\/laffinee.fr\/index.php\/panier\/#primaryimage"},"image":{"@id":"https:\/\/laffinee.fr\/index.php\/panier\/#primaryimage"},"thumbnailUrl":"https:\/\/laffinee.fr\/wp-content\/uploads\/2023\/01\/318427016_450869423881801_8519372618522276729_n.jpg","datePublished":"2023-01-04T09:38:52+00:00","dateModified":"2025-12-26T09:11:15+00:00","breadcrumb":{"@id":"https:\/\/laffinee.fr\/index.php\/panier\/#breadcrumb"},"inLanguage":"fr-FR","potentialAction":[{"@type":"ReadAction","target":["https:\/\/laffinee.fr\/index.php\/panier\/"]}]},{"@type":"ImageObject","inLanguage":"fr-FR","@id":"https:\/\/laffinee.fr\/index.php\/panier\/#primaryimage","url":"https:\/\/laffinee.fr\/wp-content\/uploads\/2023\/01\/318427016_450869423881801_8519372618522276729_n.jpg","contentUrl":"https:\/\/laffinee.fr\/wp-content\/uploads\/2023\/01\/318427016_450869423881801_8519372618522276729_n.jpg"},{"@type":"BreadcrumbList","@id":"https:\/\/laffinee.fr\/index.php\/panier\/#breadcrumb","itemListElement":[{"@type":"ListItem","position":1,"name":"Accueil","item":"https:\/\/laffinee.fr\/"},{"@type":"ListItem","position":2,"name":"Panier"}]},{"@type":"WebSite","@id":"https:\/\/laffinee.fr\/#website","url":"https:\/\/laffinee.fr\/","name":"L&#039;affin\u00e9e","description":"laffin\u00e9e","publisher":{"@id":"https:\/\/laffinee.fr\/#organization"},"potentialAction":[{"@type":"SearchAction","target":{"@type":"EntryPoint","urlTemplate":"https:\/\/laffinee.fr\/?s={search_term_string}"},"query-input":{"@type":"PropertyValueSpecification","valueRequired":true,"valueName":"search_term_string"}}],"inLanguage":"fr-FR"},{"@type":"Organization","@id":"https:\/\/laffinee.fr\/#organization","name":"L&#039;affin\u00e9e","url":"https:\/\/laffinee.fr\/","logo":{"@type":"ImageObject","inLanguage":"fr-FR","@id":"https:\/\/laffinee.fr\/#\/schema\/logo\/image\/","url":"https:\/\/laffinee.fr\/wp-content\/uploads\/2022\/12\/cropped-Capture-decran-2022-12-29-a-11.41.14.png","contentUrl":"https:\/\/laffinee.fr\/wp-content\/uploads\/2022\/12\/cropped-Capture-decran-2022-12-29-a-11.41.14.png","width":1232,"height":352,"caption":"L&#039;affin\u00e9e"},"image":{"@id":"https:\/\/laffinee.fr\/#\/schema\/logo\/image\/"}}]}},"jetpack_sharing_enabled":true,"_links":{"self":[{"href":"https:\/\/laffinee.fr\/index.php\/wp-json\/wp\/v2\/pages\/620","targetHints":{"allow":["GET"]}}],"collection":[{"href":"https:\/\/laffinee.fr\/index.php\/wp-json\/wp\/v2\/pages"}],"about":[{"href":"https:\/\/laffinee.fr\/index.php\/wp-json\/wp\/v2\/types\/page"}],"author":[{"embeddable":true,"href":"https:\/\/laffinee.fr\/index.php\/wp-json\/wp\/v2\/users\/1"}],"replies":[{"embeddable":true,"href":"https:\/\/laffinee.fr\/index.php\/wp-json\/wp\/v2\/comments?post=620"}],"version-history":[{"count":164,"href":"https:\/\/laffinee.fr\/index.php\/wp-json\/wp\/v2\/pages\/620\/revisions"}],"predecessor-version":[{"id":1831,"href":"https:\/\/laffinee.fr\/index.php\/wp-json\/wp\/v2\/pages\/620\/revisions\/1831"}],"wp:attachment":[{"href":"https:\/\/laffinee.fr\/index.php\/wp-json\/wp\/v2\/media?parent=620"}],"curies":[{"name":"wp","href":"https:\/\/api.w.org\/{rel}","templated":true}]}}