{"id":172,"date":"2023-01-02T15:02:41","date_gmt":"2023-01-02T14:02:41","guid":{"rendered":"http:\/\/laffinee.fr\/?page_id=172"},"modified":"2023-02-17T09:50:49","modified_gmt":"2023-02-17T08:50:49","slug":"la-fromagerie","status":"publish","type":"page","link":"https:\/\/laffinee.fr\/index.php\/la-fromagerie\/","title":{"rendered":"La fromagerie"},"content":{"rendered":"\t\t<div data-elementor-type=\"wp-page\" data-elementor-id=\"172\" class=\"elementor elementor-172\" data-elementor-post-type=\"page\">\n\t\t\t\t\t\t<section class=\"elementor-section elementor-top-section elementor-element elementor-element-cca6e92 elementor-section-full_width elementor-section-height-default elementor-section-height-default\" data-id=\"cca6e92\" data-element_type=\"section\" data-e-type=\"section\" data-settings=\"{&quot;background_background&quot;:&quot;classic&quot;}\">\n\t\t\t\t\t\t<div class=\"elementor-container elementor-column-gap-default\">\n\t\t\t\t\t<div class=\"elementor-column elementor-col-100 elementor-top-column elementor-element elementor-element-14d5b19\" data-id=\"14d5b19\" data-element_type=\"column\" data-e-type=\"column\" data-settings=\"{&quot;background_background&quot;:&quot;classic&quot;}\">\n\t\t\t<div class=\"elementor-widget-wrap elementor-element-populated\">\n\t\t\t\t\t\t<div class=\"elementor-element elementor-element-c15b58c elementor-widget elementor-widget-heading\" data-id=\"c15b58c\" data-element_type=\"widget\" data-e-type=\"widget\" data-widget_type=\"heading.default\">\n\t\t\t\t<div class=\"elementor-widget-container\">\n\t\t\t\t\t<h2 class=\"elementor-heading-title elementor-size-default\">Fromagerie de quartier<\/h2>\t\t\t\t<\/div>\n\t\t\t\t<\/div>\n\t\t\t\t<div class=\"elementor-element elementor-element-4fdf84e elementor-widget-divider--view-line elementor-widget elementor-widget-divider\" data-id=\"4fdf84e\" data-element_type=\"widget\" data-e-type=\"widget\" data-widget_type=\"divider.default\">\n\t\t\t\t<div class=\"elementor-widget-container\">\n\t\t\t\t\t\t\t<div class=\"elementor-divider\">\n\t\t\t<span class=\"elementor-divider-separator\">\n\t\t\t\t\t\t<\/span>\n\t\t<\/div>\n\t\t\t\t\t\t<\/div>\n\t\t\t\t<\/div>\n\t\t\t\t<div class=\"elementor-element elementor-element-d403505 elementor-widget elementor-widget-text-editor\" data-id=\"d403505\" data-element_type=\"widget\" data-e-type=\"widget\" data-widget_type=\"text-editor.default\">\n\t\t\t\t<div class=\"elementor-widget-container\">\n\t\t\t\t\t\t\t\t\t<p>Au d\u00e9part grossistes, Roxane et Ugo ont ouvert l&rsquo;Affin\u00e9e en juin 2021 afin de proposer les produits qu&rsquo;ils d\u00e9nichent directement aux consommateurs. L&rsquo;entreprise m\u00e8re, Produits Laitiers KLL, est plus que jamais en fonction et est le fournisseur principal de votre fromagerie. Vous connaissez probablement d\u00e9j\u00e0 une partie des produits de l&rsquo;Affin\u00e9e, si vous \u00eates habitu\u00e9s des march\u00e9s\u00a0: leurs clients sont pr\u00e9sents sur ceux de Lille et sa m\u00e9tropole, du Douaisis \u00e0 la C\u00f4te d&rsquo;Opale en passant par l&rsquo;Audomarois.<\/p><p>Avec l&rsquo;Affin\u00e9e, Roxane d\u00e9veloppe des liens et partenariats avec de plus petits producteurs locaux, toujours \u00e0 la recherche de bons produits qui mettent en valeur le patrimoine de la r\u00e9gion.<\/p><p>Le mot d&rsquo;ordre\u00a0: des bons produits \u00e0 des prix justes pour tout le monde\u00a0!<\/p>\t\t\t\t\t\t\t\t<\/div>\n\t\t\t\t<\/div>\n\t\t\t\t\t<\/div>\n\t\t<\/div>\n\t\t\t\t\t<\/div>\n\t\t<\/section>\n\t\t\t\t<section class=\"elementor-section elementor-top-section elementor-element elementor-element-1ed04e3 elementor-section-content-top elementor-section-boxed elementor-section-height-default elementor-section-height-default\" data-id=\"1ed04e3\" data-element_type=\"section\" data-e-type=\"section\">\n\t\t\t\t\t\t<div class=\"elementor-container elementor-column-gap-no\">\n\t\t\t\t\t<div class=\"elementor-column elementor-col-50 elementor-top-column elementor-element elementor-element-2e11ccd\" data-id=\"2e11ccd\" data-element_type=\"column\" data-e-type=\"column\">\n\t\t\t<div class=\"elementor-widget-wrap elementor-element-populated\">\n\t\t\t\t\t\t<section class=\"elementor-section elementor-inner-section elementor-element elementor-element-0f229e3 elementor-section-boxed elementor-section-height-default elementor-section-height-default\" data-id=\"0f229e3\" data-element_type=\"section\" data-e-type=\"section\">\n\t\t\t\t\t\t<div class=\"elementor-container elementor-column-gap-default\">\n\t\t\t\t\t<div class=\"elementor-column elementor-col-100 elementor-inner-column elementor-element elementor-element-3f8d5c0\" data-id=\"3f8d5c0\" data-element_type=\"column\" data-e-type=\"column\">\n\t\t\t<div class=\"elementor-widget-wrap elementor-element-populated\">\n\t\t\t\t\t\t<div class=\"elementor-element elementor-element-21e75e9 elementor-widget elementor-widget-ucaddon_uc_icon_accordion\" data-id=\"21e75e9\" data-element_type=\"widget\" data-e-type=\"widget\" data-widget_type=\"ucaddon_uc_icon_accordion.default\">\n\t\t\t\t<div class=\"elementor-widget-container\">\n\t\t\t\t\t<!-- start Icon Accordion -->\n\t\t<link id='font-awesome-css' href='https:\/\/laffinee.fr\/wp-content\/plugins\/unlimited-elements-for-elementor-premium\/assets_libraries\/font-awesome6\/fontawesome-all.min.css' type='text\/css' rel='stylesheet' >\n\t\t<link id='font-awesome-4-shim-css' href='https:\/\/laffinee.fr\/wp-content\/plugins\/unlimited-elements-for-elementor-premium\/assets_libraries\/font-awesome6\/fontawesome-v4-shims.min.css' type='text\/css' rel='stylesheet' >\n\n\t\t\t<style type=\"text\/css\">\/* widget: Icon Accordion *\/\n\n#uc_uc_icon_accordion_elementor_21e75e9 *{\n\tbox-sizing: border-box;\n}\n#uc_uc_icon_accordion_elementor_21e75e9 .uc_container .uc-heading\n{\n\tcursor:pointer;\n    display:flex;\n    align-items:center;\n    transition:0.3s;\n}\n#uc_uc_icon_accordion_elementor_21e75e9 .uc_container .uc-heading span.bbb\n{\n\tdisplay:block;\n\t\n}\n#uc_uc_icon_accordion_elementor_21e75e9 .uc_ac_box.uc-item-active span.uc_dactive\n{\n\tdisplay:none;\n}\n#uc_uc_icon_accordion_elementor_21e75e9 .uc_ac_box:not(.uc-item-active) span.uc_active\n{\n\tdisplay:none;\n}\n\n#uc_uc_icon_accordion_elementor_21e75e9 .ue_icon_holder,\n#uc_uc_icon_accordion_elementor_21e75e9 .ue_icon_spacing\n{\n  flex-grow:0;\n  flex-shrink:0; \n}\n#uc_uc_icon_accordion_elementor_21e75e9 .uc_content{\n\tdisplay: none;\n}\n#uc_uc_icon_accordion_elementor_21e75e9 .ue_icon\n{\n  display:flex;\n  justify-content:center;\n  align-items:center;\n  line-height:1em;\n  transition:0.3s;\n}\n\n#uc_uc_icon_accordion_elementor_21e75e9 .ue_icon svg\n{\n  height:1em;\n  width:1em;\n}\n\n#uc_uc_icon_accordion_elementor_21e75e9 .ue_expand_inside\n{\n  display:flex;\n  justify-content:center;\n  align-items:center;\n  line-height:1em;\n}\n\n#uc_uc_icon_accordion_elementor_21e75e9 .ue_expand_inside svg\n{\n  height:1em;\n  width:1em;\n}\n\n#uc_uc_icon_accordion_elementor_21e75e9 .ue_expand,\n#uc_uc_icon_accordion_elementor_21e75e9 .ue_expand_spacing\n{\n  flex-grow:0;\n  flex-shrink:0;\n}\n\n#uc_uc_icon_accordion_elementor_21e75e9 .ue_title\n{\n  flex-grow:1;\n}\n\n#uc_uc_icon_accordion_elementor_21e75e9 .uc_ac_box:last-child\n{\n  margin-bottom:0px;\n}\n\n#uc_uc_icon_accordion_elementor_21e75e9 .uc_ac_box\n{\n  overflow:hidden;\n}\n#uc_uc_icon_accordion_elementor_21e75e9_item1 .ue_icon\n{\n  background-color:;\n}\n\n#uc_uc_icon_accordion_elementor_21e75e9_item1 .ue-heading\n{\n  background-color:;\n}\n#uc_uc_icon_accordion_elementor_21e75e9_item2 .ue_icon\n{\n  background-color:;\n}\n\n#uc_uc_icon_accordion_elementor_21e75e9_item2 .ue-heading\n{\n  background-color:;\n}\n#uc_uc_icon_accordion_elementor_21e75e9_item3 .ue_icon\n{\n  background-color:;\n}\n\n#uc_uc_icon_accordion_elementor_21e75e9_item3 .ue-heading\n{\n  background-color:;\n}\n\n\n<\/style>\n\n\t\t\t<div class=\"uc_material_accordion \" id=\"uc_uc_icon_accordion_elementor_21e75e9\" data-name=\"\" data-closeothers=\"true\" >\n    \t<div class=\"uc_container\">\n            \n\t\t\n<div class=\"uc_ac_box uc-item-active\">\n  <div class=\"uc-heading uc_trigger\">\n    \n        <div class=\"ue_icon_holder\">\n      <div class=\"ue_icon\"><i class=''><\/i><\/div>\n    <\/div>\n    <div class=\"ue_icon_spacing\"><\/div>\n        \n    <div class=\"ue_title\">Nous trouver<\/div>\n    \n    \n        <div class=\"ue_expand_spacing\"><\/div>\n    <div class=\"ue_expand\">\n      <div class=\"ue_expand_inside\">\n      <span class=\"uc_dactive bbb ue_accordion_icon\" ><i class='fas fa-chevron-down'><\/i><\/span>\n      <span class=\"uc_active bbb ue_accordion_icon\"><i class='fas fa-chevron-up'><\/i><\/span>\n      <\/div>\n    <\/div>\n        \n  <\/div>\n  <!-- end of heading -->\n  \n  \n  <div class=\"uc_content\" style='display:block'>\n          <p><span class=\"x193iq5w xeuugli x13faqbe x1vvkbs x1xmvt09 x1lliihq x1s928wv xhkezso x1gmr53x x1cpjm7i x1fgarty x1943h6x xudqn12 x3x7a5m x1f6kntn xvq8zen xo1l8bm xzsf02u\" dir=\"auto\">7 PLACE JEANNE D'ARC, 59000 Lille<\/span><\/p>\n     \n    \n     \n    \n  <\/div>\n<\/div>\n\n\n<div class=\"uc_ac_box \">\n  <div class=\"uc-heading uc_trigger\">\n    \n        <div class=\"ue_icon_holder\">\n      <div class=\"ue_icon\"><i class=''><\/i><\/div>\n    <\/div>\n    <div class=\"ue_icon_spacing\"><\/div>\n        \n    <div class=\"ue_title\">Nous appeler<\/div>\n    \n    \n        <div class=\"ue_expand_spacing\"><\/div>\n    <div class=\"ue_expand\">\n      <div class=\"ue_expand_inside\">\n      <span class=\"uc_dactive bbb ue_accordion_icon\" ><i class='fas fa-chevron-down'><\/i><\/span>\n      <span class=\"uc_active bbb ue_accordion_icon\"><i class='fas fa-chevron-up'><\/i><\/span>\n      <\/div>\n    <\/div>\n        \n  <\/div>\n  <!-- end of heading -->\n  \n  \n  <div class=\"uc_content\" >\n          <p><a href=\"tel:0320869267\"><span class=\"x193iq5w xeuugli x13faqbe x1vvkbs x1xmvt09 x1lliihq x1s928wv xhkezso x1gmr53x x1cpjm7i x1fgarty x1943h6x xudqn12 x3x7a5m x1f6kntn xvq8zen xo1l8bm xzsf02u x1yc453h\" dir=\"auto\">03 20 86 92 67<\/span><\/a><\/p>\n     \n    \n     \n    \n  <\/div>\n<\/div>\n\n\n<div class=\"uc_ac_box \">\n  <div class=\"uc-heading uc_trigger\">\n    \n        <div class=\"ue_icon_holder\">\n      <div class=\"ue_icon\"><i class=''><\/i><\/div>\n    <\/div>\n    <div class=\"ue_icon_spacing\"><\/div>\n        \n    <div class=\"ue_title\">Nous contacter<\/div>\n    \n    \n        <div class=\"ue_expand_spacing\"><\/div>\n    <div class=\"ue_expand\">\n      <div class=\"ue_expand_inside\">\n      <span class=\"uc_dactive bbb ue_accordion_icon\" ><i class='fas fa-chevron-down'><\/i><\/span>\n      <span class=\"uc_active bbb ue_accordion_icon\"><i class='fas fa-chevron-up'><\/i><\/span>\n      <\/div>\n    <\/div>\n        \n  <\/div>\n  <!-- end of heading -->\n  \n  \n  <div class=\"uc_content\" >\n          <p><span class=\"x193iq5w xeuugli x13faqbe x1vvkbs x1xmvt09 x1lliihq x1s928wv xhkezso x1gmr53x x1cpjm7i x1fgarty x1943h6x xudqn12 x3x7a5m x1f6kntn xvq8zen xo1l8bm xzsf02u x1yc453h\" dir=\"auto\">contact@laffinee.fr<\/span><\/p>\n     \n    \n     \n    \n  <\/div>\n<\/div>\n\n        <\/div>\n<\/div>\n\t\t\t<!-- end Icon Accordion -->\t\t\t\t<\/div>\n\t\t\t\t<\/div>\n\t\t\t\t\t<\/div>\n\t\t<\/div>\n\t\t\t\t\t<\/div>\n\t\t<\/section>\n\t\t\t\t\t<\/div>\n\t\t<\/div>\n\t\t\t\t<div class=\"elementor-column elementor-col-50 elementor-top-column elementor-element elementor-element-6c79a96\" data-id=\"6c79a96\" data-element_type=\"column\" data-e-type=\"column\">\n\t\t\t<div class=\"elementor-widget-wrap elementor-element-populated\">\n\t\t\t\t\t\t<div class=\"elementor-element elementor-element-f0c58bc elementor-widget elementor-widget-google_maps\" data-id=\"f0c58bc\" data-element_type=\"widget\" data-e-type=\"widget\" data-widget_type=\"google_maps.default\">\n\t\t\t\t<div class=\"elementor-widget-container\">\n\t\t\t\t\t\t\t<div class=\"elementor-custom-embed\">\n\t\t\t<iframe loading=\"lazy\"\n\t\t\t\t\tsrc=\"https:\/\/maps.google.com\/maps?q=L%27affin%C3%A9e&#038;t=m&#038;z=15&#038;output=embed&#038;iwloc=near\"\n\t\t\t\t\ttitle=\"L&#039;affin\u00e9e\"\n\t\t\t\t\taria-label=\"L&#039;affin\u00e9e\"\n\t\t\t><\/iframe>\n\t\t<\/div>\n\t\t\t\t\t\t<\/div>\n\t\t\t\t<\/div>\n\t\t\t\t\t<\/div>\n\t\t<\/div>\n\t\t\t\t\t<\/div>\n\t\t<\/section>\n\t\t\t\t<\/div>\n\t\t","protected":false},"excerpt":{"rendered":"<p>Fromagerie de quartier Au d\u00e9part grossistes, Roxane et Ugo ont ouvert l&rsquo;Affin\u00e9e en juin 2021 afin de proposer les produits qu&rsquo;ils d\u00e9nichent directement aux consommateurs. L&rsquo;entreprise m\u00e8re, Produits Laitiers KLL, est plus que jamais en fonction et est le fournisseur principal de votre fromagerie. Vous connaissez probablement d\u00e9j\u00e0 une partie des produits de l&rsquo;Affin\u00e9e, si [&hellip;]<\/p>\n","protected":false},"author":1,"featured_media":0,"parent":0,"menu_order":0,"comment_status":"closed","ping_status":"closed","template":"","meta":{"footnotes":""},"class_list":["post-172","page","type-page","status-publish","hentry"],"yoast_head":"<!-- This site is optimized with the Yoast SEO plugin v27.4 - https:\/\/yoast.com\/product\/yoast-seo-wordpress\/ -->\n<title>La fromagerie - L&#039;affin\u00e9e<\/title>\n<meta name=\"robots\" content=\"index, follow, max-snippet:-1, max-image-preview:large, max-video-preview:-1\" \/>\n<link rel=\"canonical\" href=\"https:\/\/laffinee.fr\/index.php\/la-fromagerie\/\" \/>\n<meta property=\"og:locale\" content=\"fr_FR\" \/>\n<meta property=\"og:type\" content=\"article\" \/>\n<meta property=\"og:title\" content=\"La fromagerie - L&#039;affin\u00e9e\" \/>\n<meta property=\"og:description\" content=\"Fromagerie de quartier Au d\u00e9part grossistes, Roxane et Ugo ont ouvert l&rsquo;Affin\u00e9e en juin 2021 afin de proposer les produits qu&rsquo;ils d\u00e9nichent directement aux consommateurs. L&rsquo;entreprise m\u00e8re, Produits Laitiers KLL, est plus que jamais en fonction et est le fournisseur principal de votre fromagerie. Vous connaissez probablement d\u00e9j\u00e0 une partie des produits de l&rsquo;Affin\u00e9e, si [&hellip;]\" \/>\n<meta property=\"og:url\" content=\"https:\/\/laffinee.fr\/index.php\/la-fromagerie\/\" \/>\n<meta property=\"og:site_name\" content=\"L&#039;affin\u00e9e\" \/>\n<meta property=\"article:modified_time\" content=\"2023-02-17T08:50:49+00:00\" \/>\n<meta name=\"twitter:card\" content=\"summary_large_image\" \/>\n<meta name=\"twitter:label1\" content=\"Dur\u00e9e de lecture estim\u00e9e\" \/>\n\t<meta name=\"twitter:data1\" content=\"1 minute\" \/>\n<script type=\"application\/ld+json\" class=\"yoast-schema-graph\">{\"@context\":\"https:\\\/\\\/schema.org\",\"@graph\":[{\"@type\":\"WebPage\",\"@id\":\"https:\\\/\\\/laffinee.fr\\\/index.php\\\/la-fromagerie\\\/\",\"url\":\"https:\\\/\\\/laffinee.fr\\\/index.php\\\/la-fromagerie\\\/\",\"name\":\"La fromagerie - L&#039;affin\u00e9e\",\"isPartOf\":{\"@id\":\"https:\\\/\\\/laffinee.fr\\\/#website\"},\"datePublished\":\"2023-01-02T14:02:41+00:00\",\"dateModified\":\"2023-02-17T08:50:49+00:00\",\"breadcrumb\":{\"@id\":\"https:\\\/\\\/laffinee.fr\\\/index.php\\\/la-fromagerie\\\/#breadcrumb\"},\"inLanguage\":\"fr-FR\",\"potentialAction\":[{\"@type\":\"ReadAction\",\"target\":[\"https:\\\/\\\/laffinee.fr\\\/index.php\\\/la-fromagerie\\\/\"]}]},{\"@type\":\"BreadcrumbList\",\"@id\":\"https:\\\/\\\/laffinee.fr\\\/index.php\\\/la-fromagerie\\\/#breadcrumb\",\"itemListElement\":[{\"@type\":\"ListItem\",\"position\":1,\"name\":\"Accueil\",\"item\":\"https:\\\/\\\/laffinee.fr\\\/\"},{\"@type\":\"ListItem\",\"position\":2,\"name\":\"La fromagerie\"}]},{\"@type\":\"WebSite\",\"@id\":\"https:\\\/\\\/laffinee.fr\\\/#website\",\"url\":\"https:\\\/\\\/laffinee.fr\\\/\",\"name\":\"L&#039;affin\u00e9e\",\"description\":\"laffin\u00e9e\",\"publisher\":{\"@id\":\"https:\\\/\\\/laffinee.fr\\\/#organization\"},\"potentialAction\":[{\"@type\":\"SearchAction\",\"target\":{\"@type\":\"EntryPoint\",\"urlTemplate\":\"https:\\\/\\\/laffinee.fr\\\/?s={search_term_string}\"},\"query-input\":{\"@type\":\"PropertyValueSpecification\",\"valueRequired\":true,\"valueName\":\"search_term_string\"}}],\"inLanguage\":\"fr-FR\"},{\"@type\":\"Organization\",\"@id\":\"https:\\\/\\\/laffinee.fr\\\/#organization\",\"name\":\"L&#039;affin\u00e9e\",\"url\":\"https:\\\/\\\/laffinee.fr\\\/\",\"logo\":{\"@type\":\"ImageObject\",\"inLanguage\":\"fr-FR\",\"@id\":\"https:\\\/\\\/laffinee.fr\\\/#\\\/schema\\\/logo\\\/image\\\/\",\"url\":\"https:\\\/\\\/laffinee.fr\\\/wp-content\\\/uploads\\\/2022\\\/12\\\/cropped-Capture-decran-2022-12-29-a-11.41.14.png\",\"contentUrl\":\"https:\\\/\\\/laffinee.fr\\\/wp-content\\\/uploads\\\/2022\\\/12\\\/cropped-Capture-decran-2022-12-29-a-11.41.14.png\",\"width\":1232,\"height\":352,\"caption\":\"L&#039;affin\u00e9e\"},\"image\":{\"@id\":\"https:\\\/\\\/laffinee.fr\\\/#\\\/schema\\\/logo\\\/image\\\/\"}}]}<\/script>\n<!-- \/ Yoast SEO plugin. -->","yoast_head_json":{"title":"La fromagerie - L&#039;affin\u00e9e","robots":{"index":"index","follow":"follow","max-snippet":"max-snippet:-1","max-image-preview":"max-image-preview:large","max-video-preview":"max-video-preview:-1"},"canonical":"https:\/\/laffinee.fr\/index.php\/la-fromagerie\/","og_locale":"fr_FR","og_type":"article","og_title":"La fromagerie - L&#039;affin\u00e9e","og_description":"Fromagerie de quartier Au d\u00e9part grossistes, Roxane et Ugo ont ouvert l&rsquo;Affin\u00e9e en juin 2021 afin de proposer les produits qu&rsquo;ils d\u00e9nichent directement aux consommateurs. L&rsquo;entreprise m\u00e8re, Produits Laitiers KLL, est plus que jamais en fonction et est le fournisseur principal de votre fromagerie. Vous connaissez probablement d\u00e9j\u00e0 une partie des produits de l&rsquo;Affin\u00e9e, si [&hellip;]","og_url":"https:\/\/laffinee.fr\/index.php\/la-fromagerie\/","og_site_name":"L&#039;affin\u00e9e","article_modified_time":"2023-02-17T08:50:49+00:00","twitter_card":"summary_large_image","twitter_misc":{"Dur\u00e9e de lecture estim\u00e9e":"1 minute"},"schema":{"@context":"https:\/\/schema.org","@graph":[{"@type":"WebPage","@id":"https:\/\/laffinee.fr\/index.php\/la-fromagerie\/","url":"https:\/\/laffinee.fr\/index.php\/la-fromagerie\/","name":"La fromagerie - L&#039;affin\u00e9e","isPartOf":{"@id":"https:\/\/laffinee.fr\/#website"},"datePublished":"2023-01-02T14:02:41+00:00","dateModified":"2023-02-17T08:50:49+00:00","breadcrumb":{"@id":"https:\/\/laffinee.fr\/index.php\/la-fromagerie\/#breadcrumb"},"inLanguage":"fr-FR","potentialAction":[{"@type":"ReadAction","target":["https:\/\/laffinee.fr\/index.php\/la-fromagerie\/"]}]},{"@type":"BreadcrumbList","@id":"https:\/\/laffinee.fr\/index.php\/la-fromagerie\/#breadcrumb","itemListElement":[{"@type":"ListItem","position":1,"name":"Accueil","item":"https:\/\/laffinee.fr\/"},{"@type":"ListItem","position":2,"name":"La fromagerie"}]},{"@type":"WebSite","@id":"https:\/\/laffinee.fr\/#website","url":"https:\/\/laffinee.fr\/","name":"L&#039;affin\u00e9e","description":"laffin\u00e9e","publisher":{"@id":"https:\/\/laffinee.fr\/#organization"},"potentialAction":[{"@type":"SearchAction","target":{"@type":"EntryPoint","urlTemplate":"https:\/\/laffinee.fr\/?s={search_term_string}"},"query-input":{"@type":"PropertyValueSpecification","valueRequired":true,"valueName":"search_term_string"}}],"inLanguage":"fr-FR"},{"@type":"Organization","@id":"https:\/\/laffinee.fr\/#organization","name":"L&#039;affin\u00e9e","url":"https:\/\/laffinee.fr\/","logo":{"@type":"ImageObject","inLanguage":"fr-FR","@id":"https:\/\/laffinee.fr\/#\/schema\/logo\/image\/","url":"https:\/\/laffinee.fr\/wp-content\/uploads\/2022\/12\/cropped-Capture-decran-2022-12-29-a-11.41.14.png","contentUrl":"https:\/\/laffinee.fr\/wp-content\/uploads\/2022\/12\/cropped-Capture-decran-2022-12-29-a-11.41.14.png","width":1232,"height":352,"caption":"L&#039;affin\u00e9e"},"image":{"@id":"https:\/\/laffinee.fr\/#\/schema\/logo\/image\/"}}]}},"jetpack_sharing_enabled":true,"_links":{"self":[{"href":"https:\/\/laffinee.fr\/index.php\/wp-json\/wp\/v2\/pages\/172","targetHints":{"allow":["GET"]}}],"collection":[{"href":"https:\/\/laffinee.fr\/index.php\/wp-json\/wp\/v2\/pages"}],"about":[{"href":"https:\/\/laffinee.fr\/index.php\/wp-json\/wp\/v2\/types\/page"}],"author":[{"embeddable":true,"href":"https:\/\/laffinee.fr\/index.php\/wp-json\/wp\/v2\/users\/1"}],"replies":[{"embeddable":true,"href":"https:\/\/laffinee.fr\/index.php\/wp-json\/wp\/v2\/comments?post=172"}],"version-history":[{"count":224,"href":"https:\/\/laffinee.fr\/index.php\/wp-json\/wp\/v2\/pages\/172\/revisions"}],"predecessor-version":[{"id":2378,"href":"https:\/\/laffinee.fr\/index.php\/wp-json\/wp\/v2\/pages\/172\/revisions\/2378"}],"wp:attachment":[{"href":"https:\/\/laffinee.fr\/index.php\/wp-json\/wp\/v2\/media?parent=172"}],"curies":[{"name":"wp","href":"https:\/\/api.w.org\/{rel}","templated":true}]}}